{"id":55,"date":"2013-06-13T09:55:05","date_gmt":"2013-06-13T08:55:05","guid":{"rendered":"http:\/\/www.4sa.fr\/?page_id=55"},"modified":"2019-02-03T12:33:55","modified_gmt":"2019-02-03T11:33:55","slug":"accompagnement","status":"publish","type":"page","link":"https:\/\/www.4sa.fr\/es\/services\/accompagnement\/","title":{"rendered":"Asesoramiento"},"content":{"rendered":"<p><img loading=\"lazy\" decoding=\"async\" class=\"alignnone size-full wp-image-818\" src=\"https:\/\/www.4sa.fr\/wp-content\/uploads\/accompagnement-1.jpg\" alt=\"accompagnement\" width=\"280\" height=\"280\" srcset=\"https:\/\/www.4sa.fr\/wp-content\/uploads\/accompagnement-1.jpg 280w, https:\/\/www.4sa.fr\/wp-content\/uploads\/accompagnement-1-150x150.jpg 150w\" sizes=\"auto, (max-width: 280px) 100vw, 280px\" \/> <img loading=\"lazy\" decoding=\"async\" class=\"alignright wp-image-819 size-full\" src=\"https:\/\/www.4sa.fr\/wp-content\/uploads\/accompagnement2-1.jpg\" alt=\"accompagnement2\" width=\"280\" height=\"280\" srcset=\"https:\/\/www.4sa.fr\/wp-content\/uploads\/accompagnement2-1.jpg 280w, https:\/\/www.4sa.fr\/wp-content\/uploads\/accompagnement2-1-150x150.jpg 150w\" sizes=\"auto, (max-width: 280px) 100vw, 280px\" \/><\/p>\n<blockquote><p>Organismo independiente e imparcial, el grupo 4SA se ha mostrado pionero desde 2002 en su manera de abordar la seguridad y la optimizaci\u00f3n de las cargas y las descargas de materiales peligrosos por v\u00eda mar\u00edtima y fluvial.<\/p><\/blockquote>\n<p>Durante el desarrollo de nuestras actividades, hemos constatado ciertas necesidades no cubiertas en materia de conocimientos t\u00e9cnicos o reglamentarios y para solucionarlo hemos elaborado una serie de <a href=\"https:\/\/www.4sa.fr\/es\/auditoria-y-formacion\/formacion\/\">formaciones espec\u00edficas,<\/a> as\u00ed como <a href=\"https:\/\/www.4sa.fr\/es\/auditoria-y-formacion\/auditoria\/\">auditor\u00edas<\/a> y asesoramiento de personal.<\/p>\n<h5>Asesoramiento de personal<\/h5>\n<p style=\"text-align: justify;\">Adem\u00e1s de sus formaciones, 4SA <strong>puede asesorar sus equipos en sus misiones para rectificar, mejorar y validar con ellos sus labores cotidianas<\/strong> y reforzar as\u00ed la seguridad de las actividades y su optimizaci\u00f3n financiera.<\/p>\n<p style=\"text-align: justify;\">Nuestros formadores son<strong> hombres y mujeres de campo experimentados<\/strong>, atentos y pedagogos. Conocen perfectamente las reglas y las recomendaciones internacionales, nacionales y locales, as\u00ed como las instalaciones de los buques, de los puertos y de los terminales.<\/p>\n<p style=\"text-align: justify;\">Son totalmente aut\u00f3nomos y pueden <strong>aplicar las acciones correctivas necesarias para cumplir con los est\u00e1ndares de SSM<\/strong> (Seguridad, Salud, Medio ambiente).<\/p>\n<p style=\"text-align: justify;\"><strong>P\u00f3ngase en contacto con nosotros para cualquier necesidad espec\u00edfica en materia de formaci\u00f3n, auditor\u00eda y asesoramiento. <\/strong>Gracias a nuestra dilatada experiencia en el mercado mar\u00edtimo, as\u00ed como a la competencia de nuestro personal, <strong>podemos responder a cualquier necesidad en cualquier parte del mundo<\/strong>.<\/p>\n<div class=\"line\"><span class=\"top\">[subir]<\/span><\/div>\n<p><\/p>","protected":false},"excerpt":{"rendered":"<p>Organismo independiente e imparcial, el grupo 4SA se ha mostrado pionero desde 2002 en su manera de abordar la seguridad y la optimizaci\u00f3n de las cargas y las descargas de materiales peligrosos por v\u00eda mar\u00edtima y fluvial. Durante el desarrollo de nuestras actividades, hemos constatado ciertas necesidades no cubiertas en materia de conocimientos t\u00e9cnicos o &hellip; <a href=\"https:\/\/www.4sa.fr\/es\/services\/accompagnement\/\" class=\"more-link\">Sigue leyendo <span class=\"screen-reader-text\">Asesoramiento<\/span><\/a><\/p>\n","protected":false},"author":1,"featured_media":0,"parent":49,"menu_order":0,"comment_status":"closed","ping_status":"closed","template":"","meta":{"_acf_changed":false,"footnotes":""},"class_list":["post-55","page","type-page","status-publish","hentry"],"acf":[],"yoast_head":"<!-- This site is optimized with the Yoast SEO plugin v26.9 - https:\/\/yoast.com\/product\/yoast-seo-wordpress\/ -->\n<title>Asesoramiento - 4sa : consultant et expert en s\u00e9curit\u00e9 maritime<\/title>\n<meta name=\"robots\" content=\"index, follow, max-snippet:-1, max-image-preview:large, max-video-preview:-1\" \/>\n<link rel=\"canonical\" href=\"https:\/\/www.4sa.fr\/en\/services\/accompagnement\/\" \/>\n<meta property=\"og:locale\" content=\"es_ES\" \/>\n<meta property=\"og:type\" content=\"article\" \/>\n<meta property=\"og:title\" content=\"[:fr]Accompagnement[:en]Mentoring[:es]Asesoramiento[:] - 4sa : consultant et expert en s\u00e9curit\u00e9 maritime\" \/>\n<meta property=\"og:description\" content=\"Organismo independiente e imparcial, el grupo 4SA se ha mostrado pionero desde 2002 en su manera de abordar la seguridad y la optimizaci\u00f3n de las cargas y las descargas de materiales peligrosos por v\u00eda mar\u00edtima y fluvial. Durante el desarrollo de nuestras actividades, hemos constatado ciertas necesidades no cubiertas en materia de conocimientos t\u00e9cnicos o &hellip; Sigue leyendo Asesoramiento\" \/>\n<meta property=\"og:url\" content=\"https:\/\/www.4sa.fr\/en\/services\/accompagnement\/\" \/>\n<meta property=\"og:site_name\" content=\"4sa : consultant et expert en s\u00e9curit\u00e9 maritime\" \/>\n<meta property=\"article:modified_time\" content=\"2019-02-03T11:33:55+00:00\" \/>\n<meta property=\"og:image\" content=\"https:\/\/www.4sa.fr\/wp-content\/uploads\/accompagnement-1.jpg\" \/>\n<meta name=\"twitter:card\" content=\"summary_large_image\" \/>\n<script type=\"application\/ld+json\" class=\"yoast-schema-graph\">{\"@context\":\"https:\/\/schema.org\",\"@graph\":[{\"@type\":\"WebPage\",\"@id\":\"https:\/\/www.4sa.fr\/en\/services\/accompagnement\/\",\"url\":\"https:\/\/www.4sa.fr\/en\/services\/accompagnement\/\",\"name\":\"[:fr]Accompagnement[:en]Mentoring[:es]Asesoramiento[:] - 4sa : consultant et expert en s\u00e9curit\u00e9 maritime\",\"isPartOf\":{\"@id\":\"https:\/\/www.4sa.fr\/#website\"},\"primaryImageOfPage\":{\"@id\":\"https:\/\/www.4sa.fr\/en\/services\/accompagnement\/#primaryimage\"},\"image\":{\"@id\":\"https:\/\/www.4sa.fr\/en\/services\/accompagnement\/#primaryimage\"},\"thumbnailUrl\":\"https:\/\/www.4sa.fr\/wp-content\/uploads\/accompagnement-1.jpg\",\"datePublished\":\"2013-06-13T08:55:05+00:00\",\"dateModified\":\"2019-02-03T11:33:55+00:00\",\"breadcrumb\":{\"@id\":\"https:\/\/www.4sa.fr\/en\/services\/accompagnement\/#breadcrumb\"},\"inLanguage\":\"es\",\"potentialAction\":[{\"@type\":\"ReadAction\",\"target\":[\"https:\/\/www.4sa.fr\/en\/services\/accompagnement\/\"]}]},{\"@type\":\"ImageObject\",\"inLanguage\":\"es\",\"@id\":\"https:\/\/www.4sa.fr\/en\/services\/accompagnement\/#primaryimage\",\"url\":\"https:\/\/www.4sa.fr\/wp-content\/uploads\/accompagnement-1.jpg\",\"contentUrl\":\"https:\/\/www.4sa.fr\/wp-content\/uploads\/accompagnement-1.jpg\"},{\"@type\":\"BreadcrumbList\",\"@id\":\"https:\/\/www.4sa.fr\/en\/services\/accompagnement\/#breadcrumb\",\"itemListElement\":[{\"@type\":\"ListItem\",\"position\":1,\"name\":\"Home\",\"item\":\"https:\/\/www.4sa.fr\/\"},{\"@type\":\"ListItem\",\"position\":2,\"name\":\"Services\",\"item\":\"https:\/\/www.4sa.fr\/services\/\"},{\"@type\":\"ListItem\",\"position\":3,\"name\":\"Mentoring\"}]},{\"@type\":\"WebSite\",\"@id\":\"https:\/\/www.4sa.fr\/#website\",\"url\":\"https:\/\/www.4sa.fr\/\",\"name\":\"4sa : consultant et expert en s\u00e9curit\u00e9 maritime\",\"description\":\"s\u00e9curit\u00e9 maritime\",\"potentialAction\":[{\"@type\":\"SearchAction\",\"target\":{\"@type\":\"EntryPoint\",\"urlTemplate\":\"https:\/\/www.4sa.fr\/?s={search_term_string}\"},\"query-input\":{\"@type\":\"PropertyValueSpecification\",\"valueRequired\":true,\"valueName\":\"search_term_string\"}}],\"inLanguage\":\"es\"}]}<\/script>\n<!-- \/ Yoast SEO plugin. -->","yoast_head_json":{"title":"[:fr]Accompagnement[:en]Mentoring[:es]Asesoramiento[:] - 4sa : consultant et expert en s\u00e9curit\u00e9 maritime","robots":{"index":"index","follow":"follow","max-snippet":"max-snippet:-1","max-image-preview":"max-image-preview:large","max-video-preview":"max-video-preview:-1"},"canonical":"https:\/\/www.4sa.fr\/en\/services\/accompagnement\/","og_locale":"es_ES","og_type":"article","og_title":"[:fr]Accompagnement[:en]Mentoring[:es]Asesoramiento[:] - 4sa : consultant et expert en s\u00e9curit\u00e9 maritime","og_description":"Organismo independiente e imparcial, el grupo 4SA se ha mostrado pionero desde 2002 en su manera de abordar la seguridad y la optimizaci\u00f3n de las cargas y las descargas de materiales peligrosos por v\u00eda mar\u00edtima y fluvial. Durante el desarrollo de nuestras actividades, hemos constatado ciertas necesidades no cubiertas en materia de conocimientos t\u00e9cnicos o &hellip; Sigue leyendo Asesoramiento","og_url":"https:\/\/www.4sa.fr\/en\/services\/accompagnement\/","og_site_name":"4sa : consultant et expert en s\u00e9curit\u00e9 maritime","article_modified_time":"2019-02-03T11:33:55+00:00","og_image":[{"url":"https:\/\/www.4sa.fr\/wp-content\/uploads\/accompagnement-1.jpg","type":"","width":"","height":""}],"twitter_card":"summary_large_image","schema":{"@context":"https:\/\/schema.org","@graph":[{"@type":"WebPage","@id":"https:\/\/www.4sa.fr\/en\/services\/accompagnement\/","url":"https:\/\/www.4sa.fr\/en\/services\/accompagnement\/","name":"[:fr]Accompagnement[:en]Mentoring[:es]Asesoramiento[:] - 4sa : consultant et expert en s\u00e9curit\u00e9 maritime","isPartOf":{"@id":"https:\/\/www.4sa.fr\/#website"},"primaryImageOfPage":{"@id":"https:\/\/www.4sa.fr\/en\/services\/accompagnement\/#primaryimage"},"image":{"@id":"https:\/\/www.4sa.fr\/en\/services\/accompagnement\/#primaryimage"},"thumbnailUrl":"https:\/\/www.4sa.fr\/wp-content\/uploads\/accompagnement-1.jpg","datePublished":"2013-06-13T08:55:05+00:00","dateModified":"2019-02-03T11:33:55+00:00","breadcrumb":{"@id":"https:\/\/www.4sa.fr\/en\/services\/accompagnement\/#breadcrumb"},"inLanguage":"es","potentialAction":[{"@type":"ReadAction","target":["https:\/\/www.4sa.fr\/en\/services\/accompagnement\/"]}]},{"@type":"ImageObject","inLanguage":"es","@id":"https:\/\/www.4sa.fr\/en\/services\/accompagnement\/#primaryimage","url":"https:\/\/www.4sa.fr\/wp-content\/uploads\/accompagnement-1.jpg","contentUrl":"https:\/\/www.4sa.fr\/wp-content\/uploads\/accompagnement-1.jpg"},{"@type":"BreadcrumbList","@id":"https:\/\/www.4sa.fr\/en\/services\/accompagnement\/#breadcrumb","itemListElement":[{"@type":"ListItem","position":1,"name":"Home","item":"https:\/\/www.4sa.fr\/"},{"@type":"ListItem","position":2,"name":"Services","item":"https:\/\/www.4sa.fr\/services\/"},{"@type":"ListItem","position":3,"name":"Mentoring"}]},{"@type":"WebSite","@id":"https:\/\/www.4sa.fr\/#website","url":"https:\/\/www.4sa.fr\/","name":"4sa : consultant et expert en s\u00e9curit\u00e9 maritime","description":"s\u00e9curit\u00e9 maritime","potentialAction":[{"@type":"SearchAction","target":{"@type":"EntryPoint","urlTemplate":"https:\/\/www.4sa.fr\/?s={search_term_string}"},"query-input":{"@type":"PropertyValueSpecification","valueRequired":true,"valueName":"search_term_string"}}],"inLanguage":"es"}]}},"_links":{"self":[{"href":"https:\/\/www.4sa.fr\/es\/wp-json\/wp\/v2\/pages\/55","targetHints":{"allow":["GET"]}}],"collection":[{"href":"https:\/\/www.4sa.fr\/es\/wp-json\/wp\/v2\/pages"}],"about":[{"href":"https:\/\/www.4sa.fr\/es\/wp-json\/wp\/v2\/types\/page"}],"author":[{"embeddable":true,"href":"https:\/\/www.4sa.fr\/es\/wp-json\/wp\/v2\/users\/1"}],"replies":[{"embeddable":true,"href":"https:\/\/www.4sa.fr\/es\/wp-json\/wp\/v2\/comments?post=55"}],"version-history":[{"count":34,"href":"https:\/\/www.4sa.fr\/es\/wp-json\/wp\/v2\/pages\/55\/revisions"}],"predecessor-version":[{"id":1483,"href":"https:\/\/www.4sa.fr\/es\/wp-json\/wp\/v2\/pages\/55\/revisions\/1483"}],"up":[{"embeddable":true,"href":"https:\/\/www.4sa.fr\/es\/wp-json\/wp\/v2\/pages\/49"}],"wp:attachment":[{"href":"https:\/\/www.4sa.fr\/es\/wp-json\/wp\/v2\/media?parent=55"}],"curies":[{"name":"wp","href":"https:\/\/api.w.org\/{rel}","templated":true}]}}