{"id":47,"date":"2013-06-13T09:50:08","date_gmt":"2013-06-13T08:50:08","guid":{"rendered":"http:\/\/www.4sa.fr\/?page_id=47"},"modified":"2019-02-03T12:09:18","modified_gmt":"2019-02-03T11:09:18","slug":"loading-master","status":"publish","type":"page","link":"https:\/\/www.4sa.fr\/es\/optimisation-financiere\/loading-master\/","title":{"rendered":"Loading Master"},"content":{"rendered":"<p><\/p>\n<p style=\"text-align: justify;\"><img loading=\"lazy\" decoding=\"async\" class=\"alignnone size-full wp-image-850\" src=\"https:\/\/www.4sa.fr\/wp-content\/uploads\/loading-master.jpg\" alt=\"loading-master\" width=\"690\" height=\"280\" srcset=\"https:\/\/www.4sa.fr\/wp-content\/uploads\/loading-master.jpg 690w, https:\/\/www.4sa.fr\/wp-content\/uploads\/loading-master-300x122.jpg 300w\" sizes=\"auto, (max-width: 690px) 100vw, 690px\" \/><\/p>\n<p><em>Tres actores clave pueden intervenir en la optimizaci\u00f3n financiera de una operaci\u00f3n mar\u00edtima (o fluvial) de carga, descarga o de <\/em><a href=\"https:\/\/www.4sa.fr\/es\/seguridad-maritima\/transbordo\/\"><em>transbordo<\/em><\/a><em> de materiales peligrosos (petr\u00f3leo, gas, qu\u00edmicos): el <\/em><a href=\"https:\/\/www.4sa.fr\/es\/optimizacion-financiera\/superintendente\/\"><em>Superintendente<\/em><\/a><em>, el Loading Master y el<\/em><a href=\"https:\/\/www.4sa.fr\/es\/optimizacion-financiera\/cargo-advisor\/\"><em> Cargo Advisor<\/em><\/a><em>.<\/em><\/p>\n<h5 style=\"text-align: justify;\">Prestaci\u00f3n 4SA: Loading Master<\/h5>\n<p style=\"text-align: justify;\">Tanto si es el cargador como el recepcionista de la carga, un Loading Master de 4SA puede representarle para coordinar de la mejor manera posible el traslado seg\u00fan la log\u00edstica disponible. Garantizar\u00e1 su buen funcionamiento. Representante de la terminal, es cosignatario, junto con el comandante del buque (o su representante), de los acuerdos de traslado buque-tierra que pueden implicar su <strong>responsabilidad penal en caso de incidente<\/strong> con las consiguientes<strong> p\u00e9rdidas financieras<\/strong>.<\/p>\n<p style=\"text-align: justify;\">Su Loading Master de 4SA prepara la operaci\u00f3n antes de la llegada del buque. Desde el comienzo hasta el final del proceso, asegura la conexi\u00f3n buque-tierra. Garantiza el respeto de los par\u00e1metros operativos (cadencias, presiones, cantidades por cargar o descargar, medios de comunicaci\u00f3n utilizados, huecos disponibles, temperaturas, etc.).<\/p>\n<p style=\"text-align: justify;\">En caso de incumplimiento de los acuerdos de traslado, puede decidir detener la operaci\u00f3n y le avisar\u00e1 de ello <strong>en tiempo real<\/strong>.<\/p>\n<p style=\"text-align: justify;\">En 4SA, las funciones de Loading Master son realizadas por<strong> expertos mar\u00edtimos que conocen perfectamente los sistemas de traslado tanto de tierra como a bordo<\/strong>.<\/p>\n<p style=\"text-align: justify;\">Los retornos de experiencia de 4SA han desvelado a menudo lagunas en el ejercicio de esta funci\u00f3n. Para paliar estas deficiencias, 4SA ha creado una \u00ab<a href=\"https:\/\/www.4sa.fr\/es\/auditoria-y-formacion\/formacion\/\">formaci\u00f3n Loading Master 4SA<\/a>\u00bb y una \u00ab<a href=\"https:\/\/www.4sa.fr\/es\/auditoria-y-formacion\/formacion\/\">formaci\u00f3n sobre Conocimiento de buques y SSM 4SA<\/a>\u00bb y las ha ofrecido a sus clientes, que las han validado.<\/p>\n<p style=\"text-align: justify;\">Nuestros <a href=\"https:\/\/www.4sa.fr\/es\/optimizacion-financiera\/cargo-advisor\/\">Cargos Advisors<\/a> puede asegurar conjuntamente la funci\u00f3n de Loading Master.<\/p>\n<p style=\"text-align: justify;\"><strong>\u00a1Contacte con nosotros!<\/strong> Gracias a nuestra dilatada experiencia en el mercado mar\u00edtimo, as\u00ed como a la competencia de nuestro personal, <strong>podemos responder a cualquier necesidad en cualquier parte del mundo<\/strong>.<\/p>\n<div class=\"line\"><\/div>\n<div style=\"text-align: justify;\">\n<p><strong>Conf\u00edan en nosotros en materia de optimizaci\u00f3n financiera:<\/strong><\/p>\n<p>BP Lavera m\u00e1s adelante PETROINEOS desde 2002, BP France desde 2007, EDF-TL desde 2011.<\/p>\n<div class=\"line\"><span class=\"top\">[subir]<\/span><\/div>\n<p style=\"text-align: justify;\"><img loading=\"lazy\" decoding=\"async\" class=\"alignnone size-full wp-image-350\" src=\"https:\/\/www.4sa.fr\/wp-content\/uploads\/LOGO-PETROINEOS.jpg\" alt=\"LOGO PETROINEOS\" width=\"150\" height=\"150\" \/><\/p>\n<p style=\"text-align: justify;\"><em id=\"__mceDel\"> <\/em><\/p>\n<\/div>\n<p><\/p>","protected":false},"excerpt":{"rendered":"<p>Tres actores clave pueden intervenir en la optimizaci\u00f3n financiera de una operaci\u00f3n mar\u00edtima (o fluvial) de carga, descarga o de transbordo de materiales peligrosos (petr\u00f3leo, gas, qu\u00edmicos): el Superintendente, el Loading Master y el Cargo Advisor. Prestaci\u00f3n 4SA: Loading Master Tanto si es el cargador como el recepcionista de la carga, un Loading Master de &hellip; <a href=\"https:\/\/www.4sa.fr\/es\/optimisation-financiere\/loading-master\/\" class=\"more-link\">Sigue leyendo <span class=\"screen-reader-text\">Loading Master<\/span><\/a><\/p>\n","protected":false},"author":1,"featured_media":0,"parent":41,"menu_order":0,"comment_status":"closed","ping_status":"closed","template":"","meta":{"_acf_changed":false,"footnotes":""},"class_list":["post-47","page","type-page","status-publish","hentry"],"acf":[],"yoast_head":"<!-- This site is optimized with the Yoast SEO plugin v26.9 - https:\/\/yoast.com\/product\/yoast-seo-wordpress\/ -->\n<title>Loading Master - 4sa : consultant et expert en s\u00e9curit\u00e9 maritime<\/title>\n<meta name=\"robots\" content=\"index, follow, max-snippet:-1, max-image-preview:large, max-video-preview:-1\" \/>\n<link rel=\"canonical\" href=\"https:\/\/www.4sa.fr\/en\/optimisation-financiere\/loading-master\/\" \/>\n<meta property=\"og:locale\" content=\"es_ES\" \/>\n<meta property=\"og:type\" content=\"article\" \/>\n<meta property=\"og:title\" content=\"Loading Master - 4sa : consultant et expert en s\u00e9curit\u00e9 maritime\" \/>\n<meta property=\"og:description\" content=\"Tres actores clave pueden intervenir en la optimizaci\u00f3n financiera de una operaci\u00f3n mar\u00edtima (o fluvial) de carga, descarga o de transbordo de materiales peligrosos (petr\u00f3leo, gas, qu\u00edmicos): el Superintendente, el Loading Master y el Cargo Advisor. Prestaci\u00f3n 4SA: Loading Master Tanto si es el cargador como el recepcionista de la carga, un Loading Master de &hellip; Sigue leyendo Loading Master\" \/>\n<meta property=\"og:url\" content=\"https:\/\/www.4sa.fr\/en\/optimisation-financiere\/loading-master\/\" \/>\n<meta property=\"og:site_name\" content=\"4sa : consultant et expert en s\u00e9curit\u00e9 maritime\" \/>\n<meta property=\"article:modified_time\" content=\"2019-02-03T11:09:18+00:00\" \/>\n<meta property=\"og:image\" content=\"https:\/\/www.4sa.fr\/wp-content\/uploads\/loading-master.jpg\" \/>\n<meta name=\"twitter:card\" content=\"summary_large_image\" \/>\n<script type=\"application\/ld+json\" class=\"yoast-schema-graph\">{\"@context\":\"https:\/\/schema.org\",\"@graph\":[{\"@type\":\"WebPage\",\"@id\":\"https:\/\/www.4sa.fr\/en\/optimisation-financiere\/loading-master\/\",\"url\":\"https:\/\/www.4sa.fr\/en\/optimisation-financiere\/loading-master\/\",\"name\":\"Loading Master - 4sa : consultant et expert en s\u00e9curit\u00e9 maritime\",\"isPartOf\":{\"@id\":\"https:\/\/www.4sa.fr\/#website\"},\"primaryImageOfPage\":{\"@id\":\"https:\/\/www.4sa.fr\/en\/optimisation-financiere\/loading-master\/#primaryimage\"},\"image\":{\"@id\":\"https:\/\/www.4sa.fr\/en\/optimisation-financiere\/loading-master\/#primaryimage\"},\"thumbnailUrl\":\"https:\/\/www.4sa.fr\/wp-content\/uploads\/loading-master.jpg\",\"datePublished\":\"2013-06-13T08:50:08+00:00\",\"dateModified\":\"2019-02-03T11:09:18+00:00\",\"breadcrumb\":{\"@id\":\"https:\/\/www.4sa.fr\/en\/optimisation-financiere\/loading-master\/#breadcrumb\"},\"inLanguage\":\"es\",\"potentialAction\":[{\"@type\":\"ReadAction\",\"target\":[\"https:\/\/www.4sa.fr\/en\/optimisation-financiere\/loading-master\/\"]}]},{\"@type\":\"ImageObject\",\"inLanguage\":\"es\",\"@id\":\"https:\/\/www.4sa.fr\/en\/optimisation-financiere\/loading-master\/#primaryimage\",\"url\":\"https:\/\/www.4sa.fr\/wp-content\/uploads\/loading-master.jpg\",\"contentUrl\":\"https:\/\/www.4sa.fr\/wp-content\/uploads\/loading-master.jpg\"},{\"@type\":\"BreadcrumbList\",\"@id\":\"https:\/\/www.4sa.fr\/en\/optimisation-financiere\/loading-master\/#breadcrumb\",\"itemListElement\":[{\"@type\":\"ListItem\",\"position\":1,\"name\":\"Home\",\"item\":\"https:\/\/www.4sa.fr\/\"},{\"@type\":\"ListItem\",\"position\":2,\"name\":\"Cost optimisation\",\"item\":\"https:\/\/www.4sa.fr\/en\/optimisation-financiere\/\"},{\"@type\":\"ListItem\",\"position\":3,\"name\":\"Loading Master\"}]},{\"@type\":\"WebSite\",\"@id\":\"https:\/\/www.4sa.fr\/#website\",\"url\":\"https:\/\/www.4sa.fr\/\",\"name\":\"4sa : consultant et expert en s\u00e9curit\u00e9 maritime\",\"description\":\"s\u00e9curit\u00e9 maritime\",\"potentialAction\":[{\"@type\":\"SearchAction\",\"target\":{\"@type\":\"EntryPoint\",\"urlTemplate\":\"https:\/\/www.4sa.fr\/?s={search_term_string}\"},\"query-input\":{\"@type\":\"PropertyValueSpecification\",\"valueRequired\":true,\"valueName\":\"search_term_string\"}}],\"inLanguage\":\"es\"}]}<\/script>\n<!-- \/ Yoast SEO plugin. -->","yoast_head_json":{"title":"Loading Master - 4sa : consultant et expert en s\u00e9curit\u00e9 maritime","robots":{"index":"index","follow":"follow","max-snippet":"max-snippet:-1","max-image-preview":"max-image-preview:large","max-video-preview":"max-video-preview:-1"},"canonical":"https:\/\/www.4sa.fr\/en\/optimisation-financiere\/loading-master\/","og_locale":"es_ES","og_type":"article","og_title":"Loading Master - 4sa : consultant et expert en s\u00e9curit\u00e9 maritime","og_description":"Tres actores clave pueden intervenir en la optimizaci\u00f3n financiera de una operaci\u00f3n mar\u00edtima (o fluvial) de carga, descarga o de transbordo de materiales peligrosos (petr\u00f3leo, gas, qu\u00edmicos): el Superintendente, el Loading Master y el Cargo Advisor. Prestaci\u00f3n 4SA: Loading Master Tanto si es el cargador como el recepcionista de la carga, un Loading Master de &hellip; Sigue leyendo Loading Master","og_url":"https:\/\/www.4sa.fr\/en\/optimisation-financiere\/loading-master\/","og_site_name":"4sa : consultant et expert en s\u00e9curit\u00e9 maritime","article_modified_time":"2019-02-03T11:09:18+00:00","og_image":[{"url":"https:\/\/www.4sa.fr\/wp-content\/uploads\/loading-master.jpg","type":"","width":"","height":""}],"twitter_card":"summary_large_image","schema":{"@context":"https:\/\/schema.org","@graph":[{"@type":"WebPage","@id":"https:\/\/www.4sa.fr\/en\/optimisation-financiere\/loading-master\/","url":"https:\/\/www.4sa.fr\/en\/optimisation-financiere\/loading-master\/","name":"Loading Master - 4sa : consultant et expert en s\u00e9curit\u00e9 maritime","isPartOf":{"@id":"https:\/\/www.4sa.fr\/#website"},"primaryImageOfPage":{"@id":"https:\/\/www.4sa.fr\/en\/optimisation-financiere\/loading-master\/#primaryimage"},"image":{"@id":"https:\/\/www.4sa.fr\/en\/optimisation-financiere\/loading-master\/#primaryimage"},"thumbnailUrl":"https:\/\/www.4sa.fr\/wp-content\/uploads\/loading-master.jpg","datePublished":"2013-06-13T08:50:08+00:00","dateModified":"2019-02-03T11:09:18+00:00","breadcrumb":{"@id":"https:\/\/www.4sa.fr\/en\/optimisation-financiere\/loading-master\/#breadcrumb"},"inLanguage":"es","potentialAction":[{"@type":"ReadAction","target":["https:\/\/www.4sa.fr\/en\/optimisation-financiere\/loading-master\/"]}]},{"@type":"ImageObject","inLanguage":"es","@id":"https:\/\/www.4sa.fr\/en\/optimisation-financiere\/loading-master\/#primaryimage","url":"https:\/\/www.4sa.fr\/wp-content\/uploads\/loading-master.jpg","contentUrl":"https:\/\/www.4sa.fr\/wp-content\/uploads\/loading-master.jpg"},{"@type":"BreadcrumbList","@id":"https:\/\/www.4sa.fr\/en\/optimisation-financiere\/loading-master\/#breadcrumb","itemListElement":[{"@type":"ListItem","position":1,"name":"Home","item":"https:\/\/www.4sa.fr\/"},{"@type":"ListItem","position":2,"name":"Cost optimisation","item":"https:\/\/www.4sa.fr\/en\/optimisation-financiere\/"},{"@type":"ListItem","position":3,"name":"Loading Master"}]},{"@type":"WebSite","@id":"https:\/\/www.4sa.fr\/#website","url":"https:\/\/www.4sa.fr\/","name":"4sa : consultant et expert en s\u00e9curit\u00e9 maritime","description":"s\u00e9curit\u00e9 maritime","potentialAction":[{"@type":"SearchAction","target":{"@type":"EntryPoint","urlTemplate":"https:\/\/www.4sa.fr\/?s={search_term_string}"},"query-input":{"@type":"PropertyValueSpecification","valueRequired":true,"valueName":"search_term_string"}}],"inLanguage":"es"}]}},"_links":{"self":[{"href":"https:\/\/www.4sa.fr\/es\/wp-json\/wp\/v2\/pages\/47","targetHints":{"allow":["GET"]}}],"collection":[{"href":"https:\/\/www.4sa.fr\/es\/wp-json\/wp\/v2\/pages"}],"about":[{"href":"https:\/\/www.4sa.fr\/es\/wp-json\/wp\/v2\/types\/page"}],"author":[{"embeddable":true,"href":"https:\/\/www.4sa.fr\/es\/wp-json\/wp\/v2\/users\/1"}],"replies":[{"embeddable":true,"href":"https:\/\/www.4sa.fr\/es\/wp-json\/wp\/v2\/comments?post=47"}],"version-history":[{"count":26,"href":"https:\/\/www.4sa.fr\/es\/wp-json\/wp\/v2\/pages\/47\/revisions"}],"predecessor-version":[{"id":1479,"href":"https:\/\/www.4sa.fr\/es\/wp-json\/wp\/v2\/pages\/47\/revisions\/1479"}],"up":[{"embeddable":true,"href":"https:\/\/www.4sa.fr\/es\/wp-json\/wp\/v2\/pages\/41"}],"wp:attachment":[{"href":"https:\/\/www.4sa.fr\/es\/wp-json\/wp\/v2\/media?parent=47"}],"curies":[{"name":"wp","href":"https:\/\/api.w.org\/{rel}","templated":true}]}}