{"id":45,"date":"2013-06-13T09:49:01","date_gmt":"2013-06-13T08:49:01","guid":{"rendered":"http:\/\/www.4sa.fr\/?page_id=45"},"modified":"2019-02-03T12:05:58","modified_gmt":"2019-02-03T11:05:58","slug":"superintendant","status":"publish","type":"page","link":"https:\/\/www.4sa.fr\/es\/optimisation-financiere\/superintendant\/","title":{"rendered":"Superintendente"},"content":{"rendered":"<p><img loading=\"lazy\" decoding=\"async\" class=\"size-full wp-image-844 alignleft\" src=\"https:\/\/www.4sa.fr\/wp-content\/uploads\/superintendant.jpg\" alt=\"superintendant\" width=\"300\" height=\"300\" srcset=\"https:\/\/www.4sa.fr\/wp-content\/uploads\/superintendant.jpg 300w, https:\/\/www.4sa.fr\/wp-content\/uploads\/superintendant-150x150.jpg 150w\" sizes=\"auto, (max-width: 300px) 100vw, 300px\" \/><\/p>\n<p style=\"text-align: justify; padding-left: 360px;\"><em>Tres actores clave pueden intervenir en la optimizaci\u00f3n financiera de una operaci\u00f3n mar\u00edtima (o fluvial) de carga o descarga de materiales peligrosos (petr\u00f3leo, gas, qu\u00edmicos): el Superintendente, el <\/em><a href=\"https:\/\/www.4sa.fr\/es\/optimizacion-financiera\/loading-master\/\"><em>Loading Master<\/em><\/a><em> y el <\/em><a href=\"https:\/\/www.4sa.fr\/es\/optimizacion-financiera\/cargo-advisor\/\"><em>Cargo Advisor.<\/em><\/a><\/p>\n<h5 style=\"display: inline-block; text-align: justify; padding-left: 40px;\">Prestaci\u00f3n 4SA: Superintendente<\/h5>\n<p style=\"padding-left: 360px; text-align: justify;\">Tanto si es el cargador como el recepcionista de la carga, un Superintendente 4SA puede representarle <em>in situ <\/em>para <strong>defender sus intereses<\/strong>. Director de orquesta de todos los actores implicados en la operaci\u00f3n, comprueba que todos sigan las correctas instrucciones durante el trayecto de la carga a fin de<strong>optimizar la duraci\u00f3n de la escala <\/strong>respetando las referencias (caudales, muestreo, cadencias\u2026) y de garantizarle la <strong>calidad y la cantidad del producto<\/strong> transferido.<\/p>\n<p style=\"text-align: justify;\">Su Superintendente 4SA prepara la operaci\u00f3n, le <strong>informa <\/strong>de su desarrollo y le <strong>aconseja en tiempo real<\/strong>. Su informe detallado le ayudar\u00e1 a imputar los costes adicionales de escala (sobreestad\u00edas) a los causantes de la demora (buque, cargador, sociedad de vigilancia, puerto\u2026).<\/p>\n<p style=\"text-align: justify;\">En caso de defecto de calidad, su paleta de medidas cuantificadas le permitir\u00e1 tomar la decisi\u00f3n m\u00e1s acertada. Por ejemplo, confirmar este defecto mediante an\u00e1lisis (en vista de un precio renegociado) o con un aditivo, etc.<\/p>\n<p style=\"text-align: justify;\">Los Superintendentes 4SA son <strong>empleados con experiencia<\/strong> cuyas <strong>competencias relacionales permiten obtener beneficios considerables en t\u00e9rminos de eficacia y tiempo<\/strong>. En ciertas operaciones pueden asegurar conjuntamente la funci\u00f3n de <a href=\"https:\/\/www.4sa.fr\/es\/optimizacion-financiera\/loading-master\/\">Loading Master<\/a> (4SA dispensa <a href=\"https:\/\/www.4sa.fr\/es\/auditoria-y-formacion\/formacion\/\">formaciones Loading Master<\/a>).<\/p>\n<p style=\"text-align: justify;\">Llevamos a cabo tambi\u00e9n <strong>supervisi\u00f3n mar\u00edtima<\/strong> para los armadores: un oficial de 4SA (sobrecargo) puede asegurar a bordo que un buque siga convenientemente los procedimientos de la compa\u00f1\u00eda (navegaci\u00f3n, operaci\u00f3n comercial, mantenimiento).<\/p>\n<p style=\"text-align: justify;\"><strong>\u00a1Contacte con nosotros! <\/strong>Gracias a nuestra dilatada experiencia en el mercado mar\u00edtimo, as\u00ed como a la competencia de nuestro personal, <strong>podemos responder a cualquier necesidad en cualquier parte del mundo<\/strong>.<\/p>\n<div class=\"line\"><span class=\"line\"> <\/span><\/div>\n<div style=\"text-align: justify;\">\n<p><strong>Conf\u00edan en nosotros en materia de optimizaci\u00f3n financiera:<\/strong><\/p>\n<p>INEOS m\u00e1s adelante PETROINEOS desde 2006, BP France desde 2007, EDF-TL desde 2011.<\/p>\n<div class=\"line\"><span class=\"top\">[top]<\/span><\/div>\n<\/div>\n<p style=\"text-align: justify;\"><img loading=\"lazy\" decoding=\"async\" class=\"alignnone size-full wp-image-342\" src=\"https:\/\/www.4sa.fr\/wp-content\/uploads\/LOGO-BP.jpg\" alt=\"LOGO BP\" width=\"150\" height=\"150\" \/> <img loading=\"lazy\" decoding=\"async\" class=\"alignnone size-full wp-image-345\" src=\"https:\/\/www.4sa.fr\/wp-content\/uploads\/LOGO-EDF-TRADING-LOGISTIC.jpg\" alt=\"LOGO EDF TRADING LOGISTIC\" width=\"150\" height=\"150\" \/> <img loading=\"lazy\" decoding=\"async\" class=\"alignnone size-full wp-image-351\" src=\"https:\/\/www.4sa.fr\/wp-content\/uploads\/LOGO-TOTAL-PETRO.jpg\" alt=\"LOGO TOTAL PETRO\" width=\"150\" height=\"150\" \/><\/p>\n<p>&nbsp;<\/p>","protected":false},"excerpt":{"rendered":"<p>Tres actores clave pueden intervenir en la optimizaci\u00f3n financiera de una operaci\u00f3n mar\u00edtima (o fluvial) de carga o descarga de materiales peligrosos (petr\u00f3leo, gas, qu\u00edmicos): el Superintendente, el Loading Master y el Cargo Advisor. Prestaci\u00f3n 4SA: Superintendente Tanto si es el cargador como el recepcionista de la carga, un Superintendente 4SA puede representarle in situ &hellip; <a href=\"https:\/\/www.4sa.fr\/es\/optimisation-financiere\/superintendant\/\" class=\"more-link\">Sigue leyendo <span class=\"screen-reader-text\">Superintendente<\/span><\/a><\/p>\n","protected":false},"author":1,"featured_media":0,"parent":41,"menu_order":0,"comment_status":"closed","ping_status":"closed","template":"","meta":{"_acf_changed":false,"footnotes":""},"class_list":["post-45","page","type-page","status-publish","hentry"],"acf":[],"yoast_head":"<!-- This site is optimized with the Yoast SEO plugin v26.9 - https:\/\/yoast.com\/product\/yoast-seo-wordpress\/ -->\n<title>Superintendente - 4sa : consultant et expert en s\u00e9curit\u00e9 maritime<\/title>\n<meta name=\"robots\" content=\"index, follow, max-snippet:-1, max-image-preview:large, max-video-preview:-1\" \/>\n<link rel=\"canonical\" href=\"https:\/\/www.4sa.fr\/es\/optimisation-financiere\/superintendant\/\" \/>\n<meta property=\"og:locale\" content=\"es_ES\" \/>\n<meta property=\"og:type\" content=\"article\" \/>\n<meta property=\"og:title\" content=\"[:fr]Superintendant[:en]Superintendant[:es]Superintendente[:] - 4sa : consultant et expert en s\u00e9curit\u00e9 maritime\" \/>\n<meta property=\"og:description\" content=\"Tres actores clave pueden intervenir en la optimizaci\u00f3n financiera de una operaci\u00f3n mar\u00edtima (o fluvial) de carga o descarga de materiales peligrosos (petr\u00f3leo, gas, qu\u00edmicos): el Superintendente, el Loading Master y el Cargo Advisor. Prestaci\u00f3n 4SA: Superintendente Tanto si es el cargador como el recepcionista de la carga, un Superintendente 4SA puede representarle in situ &hellip; Sigue leyendo Superintendente\" \/>\n<meta property=\"og:url\" content=\"https:\/\/www.4sa.fr\/es\/optimisation-financiere\/superintendant\/\" \/>\n<meta property=\"og:site_name\" content=\"4sa : consultant et expert en s\u00e9curit\u00e9 maritime\" \/>\n<meta property=\"article:modified_time\" content=\"2019-02-03T11:05:58+00:00\" \/>\n<meta property=\"og:image\" content=\"https:\/\/www.4sa.fr\/wp-content\/uploads\/superintendant.jpg\" \/>\n<meta name=\"twitter:card\" content=\"summary_large_image\" \/>\n<script type=\"application\/ld+json\" class=\"yoast-schema-graph\">{\"@context\":\"https:\/\/schema.org\",\"@graph\":[{\"@type\":\"WebPage\",\"@id\":\"https:\/\/www.4sa.fr\/es\/optimisation-financiere\/superintendant\/\",\"url\":\"https:\/\/www.4sa.fr\/es\/optimisation-financiere\/superintendant\/\",\"name\":\"[:fr]Superintendant[:en]Superintendant[:es]Superintendente[:] - 4sa : consultant et expert en s\u00e9curit\u00e9 maritime\",\"isPartOf\":{\"@id\":\"https:\/\/www.4sa.fr\/#website\"},\"primaryImageOfPage\":{\"@id\":\"https:\/\/www.4sa.fr\/es\/optimisation-financiere\/superintendant\/#primaryimage\"},\"image\":{\"@id\":\"https:\/\/www.4sa.fr\/es\/optimisation-financiere\/superintendant\/#primaryimage\"},\"thumbnailUrl\":\"https:\/\/www.4sa.fr\/wp-content\/uploads\/superintendant.jpg\",\"datePublished\":\"2013-06-13T08:49:01+00:00\",\"dateModified\":\"2019-02-03T11:05:58+00:00\",\"breadcrumb\":{\"@id\":\"https:\/\/www.4sa.fr\/es\/optimisation-financiere\/superintendant\/#breadcrumb\"},\"inLanguage\":\"es\",\"potentialAction\":[{\"@type\":\"ReadAction\",\"target\":[\"https:\/\/www.4sa.fr\/es\/optimisation-financiere\/superintendant\/\"]}]},{\"@type\":\"ImageObject\",\"inLanguage\":\"es\",\"@id\":\"https:\/\/www.4sa.fr\/es\/optimisation-financiere\/superintendant\/#primaryimage\",\"url\":\"https:\/\/www.4sa.fr\/wp-content\/uploads\/superintendant.jpg\",\"contentUrl\":\"https:\/\/www.4sa.fr\/wp-content\/uploads\/superintendant.jpg\"},{\"@type\":\"BreadcrumbList\",\"@id\":\"https:\/\/www.4sa.fr\/es\/optimisation-financiere\/superintendant\/#breadcrumb\",\"itemListElement\":[{\"@type\":\"ListItem\",\"position\":1,\"name\":\"Home\",\"item\":\"https:\/\/www.4sa.fr\/\"},{\"@type\":\"ListItem\",\"position\":2,\"name\":\"Cost optimisation\",\"item\":\"https:\/\/www.4sa.fr\/en\/optimisation-financiere\/\"},{\"@type\":\"ListItem\",\"position\":3,\"name\":\"Superintendente\"}]},{\"@type\":\"WebSite\",\"@id\":\"https:\/\/www.4sa.fr\/#website\",\"url\":\"https:\/\/www.4sa.fr\/\",\"name\":\"4sa : consultant et expert en s\u00e9curit\u00e9 maritime\",\"description\":\"s\u00e9curit\u00e9 maritime\",\"potentialAction\":[{\"@type\":\"SearchAction\",\"target\":{\"@type\":\"EntryPoint\",\"urlTemplate\":\"https:\/\/www.4sa.fr\/?s={search_term_string}\"},\"query-input\":{\"@type\":\"PropertyValueSpecification\",\"valueRequired\":true,\"valueName\":\"search_term_string\"}}],\"inLanguage\":\"es\"}]}<\/script>\n<!-- \/ Yoast SEO plugin. -->","yoast_head_json":{"title":"[:fr]Superintendant[:en]Superintendant[:es]Superintendente[:] - 4sa : consultant et expert en s\u00e9curit\u00e9 maritime","robots":{"index":"index","follow":"follow","max-snippet":"max-snippet:-1","max-image-preview":"max-image-preview:large","max-video-preview":"max-video-preview:-1"},"canonical":"https:\/\/www.4sa.fr\/es\/optimisation-financiere\/superintendant\/","og_locale":"es_ES","og_type":"article","og_title":"[:fr]Superintendant[:en]Superintendant[:es]Superintendente[:] - 4sa : consultant et expert en s\u00e9curit\u00e9 maritime","og_description":"Tres actores clave pueden intervenir en la optimizaci\u00f3n financiera de una operaci\u00f3n mar\u00edtima (o fluvial) de carga o descarga de materiales peligrosos (petr\u00f3leo, gas, qu\u00edmicos): el Superintendente, el Loading Master y el Cargo Advisor. Prestaci\u00f3n 4SA: Superintendente Tanto si es el cargador como el recepcionista de la carga, un Superintendente 4SA puede representarle in situ &hellip; Sigue leyendo Superintendente","og_url":"https:\/\/www.4sa.fr\/es\/optimisation-financiere\/superintendant\/","og_site_name":"4sa : consultant et expert en s\u00e9curit\u00e9 maritime","article_modified_time":"2019-02-03T11:05:58+00:00","og_image":[{"url":"https:\/\/www.4sa.fr\/wp-content\/uploads\/superintendant.jpg","type":"","width":"","height":""}],"twitter_card":"summary_large_image","schema":{"@context":"https:\/\/schema.org","@graph":[{"@type":"WebPage","@id":"https:\/\/www.4sa.fr\/es\/optimisation-financiere\/superintendant\/","url":"https:\/\/www.4sa.fr\/es\/optimisation-financiere\/superintendant\/","name":"[:fr]Superintendant[:en]Superintendant[:es]Superintendente[:] - 4sa : consultant et expert en s\u00e9curit\u00e9 maritime","isPartOf":{"@id":"https:\/\/www.4sa.fr\/#website"},"primaryImageOfPage":{"@id":"https:\/\/www.4sa.fr\/es\/optimisation-financiere\/superintendant\/#primaryimage"},"image":{"@id":"https:\/\/www.4sa.fr\/es\/optimisation-financiere\/superintendant\/#primaryimage"},"thumbnailUrl":"https:\/\/www.4sa.fr\/wp-content\/uploads\/superintendant.jpg","datePublished":"2013-06-13T08:49:01+00:00","dateModified":"2019-02-03T11:05:58+00:00","breadcrumb":{"@id":"https:\/\/www.4sa.fr\/es\/optimisation-financiere\/superintendant\/#breadcrumb"},"inLanguage":"es","potentialAction":[{"@type":"ReadAction","target":["https:\/\/www.4sa.fr\/es\/optimisation-financiere\/superintendant\/"]}]},{"@type":"ImageObject","inLanguage":"es","@id":"https:\/\/www.4sa.fr\/es\/optimisation-financiere\/superintendant\/#primaryimage","url":"https:\/\/www.4sa.fr\/wp-content\/uploads\/superintendant.jpg","contentUrl":"https:\/\/www.4sa.fr\/wp-content\/uploads\/superintendant.jpg"},{"@type":"BreadcrumbList","@id":"https:\/\/www.4sa.fr\/es\/optimisation-financiere\/superintendant\/#breadcrumb","itemListElement":[{"@type":"ListItem","position":1,"name":"Home","item":"https:\/\/www.4sa.fr\/"},{"@type":"ListItem","position":2,"name":"Cost optimisation","item":"https:\/\/www.4sa.fr\/en\/optimisation-financiere\/"},{"@type":"ListItem","position":3,"name":"Superintendente"}]},{"@type":"WebSite","@id":"https:\/\/www.4sa.fr\/#website","url":"https:\/\/www.4sa.fr\/","name":"4sa : consultant et expert en s\u00e9curit\u00e9 maritime","description":"s\u00e9curit\u00e9 maritime","potentialAction":[{"@type":"SearchAction","target":{"@type":"EntryPoint","urlTemplate":"https:\/\/www.4sa.fr\/?s={search_term_string}"},"query-input":{"@type":"PropertyValueSpecification","valueRequired":true,"valueName":"search_term_string"}}],"inLanguage":"es"}]}},"_links":{"self":[{"href":"https:\/\/www.4sa.fr\/es\/wp-json\/wp\/v2\/pages\/45","targetHints":{"allow":["GET"]}}],"collection":[{"href":"https:\/\/www.4sa.fr\/es\/wp-json\/wp\/v2\/pages"}],"about":[{"href":"https:\/\/www.4sa.fr\/es\/wp-json\/wp\/v2\/types\/page"}],"author":[{"embeddable":true,"href":"https:\/\/www.4sa.fr\/es\/wp-json\/wp\/v2\/users\/1"}],"replies":[{"embeddable":true,"href":"https:\/\/www.4sa.fr\/es\/wp-json\/wp\/v2\/comments?post=45"}],"version-history":[{"count":34,"href":"https:\/\/www.4sa.fr\/es\/wp-json\/wp\/v2\/pages\/45\/revisions"}],"predecessor-version":[{"id":1478,"href":"https:\/\/www.4sa.fr\/es\/wp-json\/wp\/v2\/pages\/45\/revisions\/1478"}],"up":[{"embeddable":true,"href":"https:\/\/www.4sa.fr\/es\/wp-json\/wp\/v2\/pages\/41"}],"wp:attachment":[{"href":"https:\/\/www.4sa.fr\/es\/wp-json\/wp\/v2\/media?parent=45"}],"curies":[{"name":"wp","href":"https:\/\/api.w.org\/{rel}","templated":true}]}}