{"id":43,"date":"2013-06-13T09:47:51","date_gmt":"2013-06-13T08:47:51","guid":{"rendered":"http:\/\/www.4sa.fr\/?page_id=43"},"modified":"2019-02-03T12:02:44","modified_gmt":"2019-02-03T11:02:44","slug":"cargo-advisor","status":"publish","type":"page","link":"https:\/\/www.4sa.fr\/es\/optimisation-financiere\/cargo-advisor\/","title":{"rendered":"Cargo Advisor"},"content":{"rendered":"<p><img loading=\"lazy\" decoding=\"async\" class=\"alignnone size-full wp-image-814\" src=\"https:\/\/www.4sa.fr\/wp-content\/uploads\/Cargo_Advisor.jpg\" alt=\"Cargo Advisor\" width=\"690\" height=\"280\" srcset=\"https:\/\/www.4sa.fr\/wp-content\/uploads\/Cargo_Advisor.jpg 690w, https:\/\/www.4sa.fr\/wp-content\/uploads\/Cargo_Advisor-300x122.jpg 300w\" sizes=\"auto, (max-width: 690px) 100vw, 690px\" \/><\/p>\n<p><em>Tres actores clave pueden intervenir en la optimizaci\u00f3n financiera de una operaci\u00f3n mar\u00edtima (o fluvial) de carga, descarga o <\/em><a href=\"https:\/\/www.4sa.fr\/es\/seguridad-maritima\/transbordo\/\"><em>transbordo<\/em><\/a><em> de materiales peligrosos (petr\u00f3leo, gas, qu\u00edmicos): el <\/em><a href=\"https:\/\/www.4sa.fr\/es\/optimizacion-financiera\/superintendente\/\"><em>Superintendente,<\/em><\/a><em> el <\/em><a href=\"https:\/\/www.4sa.fr\/es\/optimizacion-financiera\/loading-master\/\"><em>Loading Master<\/em><\/a><em> y el Cargo Advisor.<\/em><\/p>\n<h5>Prestaci\u00f3n 4SA: Cargo Advisor<\/h5>\n<p style=\"text-align: justify;\">En tanto que recepcionista de la carga, usted puede autorizar a un Cargo Advisor de 4SA para que optimice los medios t\u00e9cnicos de descarga (vaciado del buque) minimizando el tiempo de descarga.<\/p>\n<p style=\"text-align: justify;\">Al actuar como su representante, el Cargo Advisor de 4SA ser\u00e1 sus ojos y sus o\u00eddos. Le informar\u00e1 del progreso de la operaci\u00f3n comercial y de cualquier problema que surja<strong> en tiempo real<\/strong>. Sabr\u00e1 aconsejarle y le ayudar\u00e1 a decidir la mejor postura en caso de arbitraje entre p\u00e9rdida de producto y p\u00e9rdida de tiempo. Despu\u00e9s de cada operaci\u00f3n, emitir\u00e1 un informe detallado de la misma.<\/p>\n<p style=\"text-align: justify;\">Formados en la emblem\u00e1tica cultura de seguridad de 4SA, nuestros Cargo Advisor adoptan estas medidas t\u00e9cnicas garantizando siempre la m\u00e1xima seguridad.<\/p>\n<p style=\"text-align: justify;\"><strong>\u00a1Contacte con nosotros!<\/strong> Gracias a nuestra dilatada experiencia en el mercado mar\u00edtimo, as\u00ed como a la competencia de nuestro personal, <strong>podemos responder a cualquier necesidad en cualquier parte del mundo,<\/strong> ya sea de optimizaci\u00f3n financiera, de <a href=\"https:\/\/www.4sa.fr\/es\/seguridad-maritima\/seguridad-de-escala\/\">seguridad de escala <\/a>(carga, descarga, <a href=\"https:\/\/www.4sa.fr\/es\/seguridad-maritima\/transbordo\/\">transbordo<\/a>) \u2013o de ambas a la vez\u2013, de <a href=\"https:\/\/www.4sa.fr\/es\/auditoria-y-formacion\/auditoria\/\">auditor\u00eda<\/a>, de <a href=\"https:\/\/www.4sa.fr\/es\/auditoria-y-formacion\/formacion\/\">formaci\u00f3n<\/a> o de <a href=\"https:\/\/www.4sa.fr\/es\/auditoria-y-formacion\/asesoramiento\/\">acompa\u00f1amiento<\/a>.<\/p>\n<div style=\"text-align: justify;\">\n<div class=\"line\"><span class=\"line\"> <\/span><\/div>\n<p><strong>Conf\u00edan en nosotros en materia de optimizaci\u00f3n financiera:<\/strong><\/p>\n<p>INEOS m\u00e1s adelante PETROINEOS desde 2006, BP France desde 2007, EDF-TL desde 2011.<\/p>\n<div class=\"line\"><span class=\"top\">[subir]<\/span><\/div>\n<\/div>\n<p style=\"text-align: justify;\">\n<p style=\"text-align: justify;\"><em id=\"__mceDel\"><img loading=\"lazy\" decoding=\"async\" class=\"alignnone size-full wp-image-350\" src=\"https:\/\/www.4sa.fr\/wp-content\/uploads\/LOGO-PETROINEOS.jpg\" alt=\"LOGO PETROINEOS\" width=\"150\" height=\"150\" \/><\/em><\/p>\n<p><\/p>","protected":false},"excerpt":{"rendered":"<p>Tres actores clave pueden intervenir en la optimizaci\u00f3n financiera de una operaci\u00f3n mar\u00edtima (o fluvial) de carga, descarga o transbordo de materiales peligrosos (petr\u00f3leo, gas, qu\u00edmicos): el Superintendente, el Loading Master y el Cargo Advisor. Prestaci\u00f3n 4SA: Cargo Advisor En tanto que recepcionista de la carga, usted puede autorizar a un Cargo Advisor de 4SA &hellip; <a href=\"https:\/\/www.4sa.fr\/es\/optimisation-financiere\/cargo-advisor\/\" class=\"more-link\">Sigue leyendo <span class=\"screen-reader-text\">Cargo Advisor<\/span><\/a><\/p>\n","protected":false},"author":1,"featured_media":0,"parent":41,"menu_order":0,"comment_status":"closed","ping_status":"closed","template":"","meta":{"_acf_changed":false,"footnotes":""},"class_list":["post-43","page","type-page","status-publish","hentry"],"acf":[],"yoast_head":"<!-- This site is optimized with the Yoast SEO plugin v26.9 - https:\/\/yoast.com\/product\/yoast-seo-wordpress\/ -->\n<title>Cargo Advisor - 4sa : consultant et expert en s\u00e9curit\u00e9 maritime<\/title>\n<meta name=\"robots\" content=\"index, follow, max-snippet:-1, max-image-preview:large, max-video-preview:-1\" \/>\n<link rel=\"canonical\" href=\"https:\/\/www.4sa.fr\/en\/optimisation-financiere\/cargo-advisor\/\" \/>\n<meta property=\"og:locale\" content=\"es_ES\" \/>\n<meta property=\"og:type\" content=\"article\" \/>\n<meta property=\"og:title\" content=\"Cargo Advisor - 4sa : consultant et expert en s\u00e9curit\u00e9 maritime\" \/>\n<meta property=\"og:description\" content=\"Tres actores clave pueden intervenir en la optimizaci\u00f3n financiera de una operaci\u00f3n mar\u00edtima (o fluvial) de carga, descarga o transbordo de materiales peligrosos (petr\u00f3leo, gas, qu\u00edmicos): el Superintendente, el Loading Master y el Cargo Advisor. Prestaci\u00f3n 4SA: Cargo Advisor En tanto que recepcionista de la carga, usted puede autorizar a un Cargo Advisor de 4SA &hellip; Sigue leyendo Cargo Advisor\" \/>\n<meta property=\"og:url\" content=\"https:\/\/www.4sa.fr\/en\/optimisation-financiere\/cargo-advisor\/\" \/>\n<meta property=\"og:site_name\" content=\"4sa : consultant et expert en s\u00e9curit\u00e9 maritime\" \/>\n<meta property=\"article:modified_time\" content=\"2019-02-03T11:02:44+00:00\" \/>\n<meta property=\"og:image\" content=\"https:\/\/www.4sa.fr\/wp-content\/uploads\/Cargo_Advisor.jpg\" \/>\n<meta name=\"twitter:card\" content=\"summary_large_image\" \/>\n<script type=\"application\/ld+json\" class=\"yoast-schema-graph\">{\"@context\":\"https:\/\/schema.org\",\"@graph\":[{\"@type\":\"WebPage\",\"@id\":\"https:\/\/www.4sa.fr\/en\/optimisation-financiere\/cargo-advisor\/\",\"url\":\"https:\/\/www.4sa.fr\/en\/optimisation-financiere\/cargo-advisor\/\",\"name\":\"Cargo Advisor - 4sa : consultant et expert en s\u00e9curit\u00e9 maritime\",\"isPartOf\":{\"@id\":\"https:\/\/www.4sa.fr\/#website\"},\"primaryImageOfPage\":{\"@id\":\"https:\/\/www.4sa.fr\/en\/optimisation-financiere\/cargo-advisor\/#primaryimage\"},\"image\":{\"@id\":\"https:\/\/www.4sa.fr\/en\/optimisation-financiere\/cargo-advisor\/#primaryimage\"},\"thumbnailUrl\":\"https:\/\/www.4sa.fr\/wp-content\/uploads\/Cargo_Advisor.jpg\",\"datePublished\":\"2013-06-13T08:47:51+00:00\",\"dateModified\":\"2019-02-03T11:02:44+00:00\",\"breadcrumb\":{\"@id\":\"https:\/\/www.4sa.fr\/en\/optimisation-financiere\/cargo-advisor\/#breadcrumb\"},\"inLanguage\":\"es\",\"potentialAction\":[{\"@type\":\"ReadAction\",\"target\":[\"https:\/\/www.4sa.fr\/en\/optimisation-financiere\/cargo-advisor\/\"]}]},{\"@type\":\"ImageObject\",\"inLanguage\":\"es\",\"@id\":\"https:\/\/www.4sa.fr\/en\/optimisation-financiere\/cargo-advisor\/#primaryimage\",\"url\":\"https:\/\/www.4sa.fr\/wp-content\/uploads\/Cargo_Advisor.jpg\",\"contentUrl\":\"https:\/\/www.4sa.fr\/wp-content\/uploads\/Cargo_Advisor.jpg\"},{\"@type\":\"BreadcrumbList\",\"@id\":\"https:\/\/www.4sa.fr\/en\/optimisation-financiere\/cargo-advisor\/#breadcrumb\",\"itemListElement\":[{\"@type\":\"ListItem\",\"position\":1,\"name\":\"Home\",\"item\":\"https:\/\/www.4sa.fr\/\"},{\"@type\":\"ListItem\",\"position\":2,\"name\":\"Cost optimisation\",\"item\":\"https:\/\/www.4sa.fr\/en\/optimisation-financiere\/\"},{\"@type\":\"ListItem\",\"position\":3,\"name\":\"Cargo Advisor\"}]},{\"@type\":\"WebSite\",\"@id\":\"https:\/\/www.4sa.fr\/#website\",\"url\":\"https:\/\/www.4sa.fr\/\",\"name\":\"4sa : consultant et expert en s\u00e9curit\u00e9 maritime\",\"description\":\"s\u00e9curit\u00e9 maritime\",\"potentialAction\":[{\"@type\":\"SearchAction\",\"target\":{\"@type\":\"EntryPoint\",\"urlTemplate\":\"https:\/\/www.4sa.fr\/?s={search_term_string}\"},\"query-input\":{\"@type\":\"PropertyValueSpecification\",\"valueRequired\":true,\"valueName\":\"search_term_string\"}}],\"inLanguage\":\"es\"}]}<\/script>\n<!-- \/ Yoast SEO plugin. -->","yoast_head_json":{"title":"Cargo Advisor - 4sa : consultant et expert en s\u00e9curit\u00e9 maritime","robots":{"index":"index","follow":"follow","max-snippet":"max-snippet:-1","max-image-preview":"max-image-preview:large","max-video-preview":"max-video-preview:-1"},"canonical":"https:\/\/www.4sa.fr\/en\/optimisation-financiere\/cargo-advisor\/","og_locale":"es_ES","og_type":"article","og_title":"Cargo Advisor - 4sa : consultant et expert en s\u00e9curit\u00e9 maritime","og_description":"Tres actores clave pueden intervenir en la optimizaci\u00f3n financiera de una operaci\u00f3n mar\u00edtima (o fluvial) de carga, descarga o transbordo de materiales peligrosos (petr\u00f3leo, gas, qu\u00edmicos): el Superintendente, el Loading Master y el Cargo Advisor. Prestaci\u00f3n 4SA: Cargo Advisor En tanto que recepcionista de la carga, usted puede autorizar a un Cargo Advisor de 4SA &hellip; Sigue leyendo Cargo Advisor","og_url":"https:\/\/www.4sa.fr\/en\/optimisation-financiere\/cargo-advisor\/","og_site_name":"4sa : consultant et expert en s\u00e9curit\u00e9 maritime","article_modified_time":"2019-02-03T11:02:44+00:00","og_image":[{"url":"https:\/\/www.4sa.fr\/wp-content\/uploads\/Cargo_Advisor.jpg","type":"","width":"","height":""}],"twitter_card":"summary_large_image","schema":{"@context":"https:\/\/schema.org","@graph":[{"@type":"WebPage","@id":"https:\/\/www.4sa.fr\/en\/optimisation-financiere\/cargo-advisor\/","url":"https:\/\/www.4sa.fr\/en\/optimisation-financiere\/cargo-advisor\/","name":"Cargo Advisor - 4sa : consultant et expert en s\u00e9curit\u00e9 maritime","isPartOf":{"@id":"https:\/\/www.4sa.fr\/#website"},"primaryImageOfPage":{"@id":"https:\/\/www.4sa.fr\/en\/optimisation-financiere\/cargo-advisor\/#primaryimage"},"image":{"@id":"https:\/\/www.4sa.fr\/en\/optimisation-financiere\/cargo-advisor\/#primaryimage"},"thumbnailUrl":"https:\/\/www.4sa.fr\/wp-content\/uploads\/Cargo_Advisor.jpg","datePublished":"2013-06-13T08:47:51+00:00","dateModified":"2019-02-03T11:02:44+00:00","breadcrumb":{"@id":"https:\/\/www.4sa.fr\/en\/optimisation-financiere\/cargo-advisor\/#breadcrumb"},"inLanguage":"es","potentialAction":[{"@type":"ReadAction","target":["https:\/\/www.4sa.fr\/en\/optimisation-financiere\/cargo-advisor\/"]}]},{"@type":"ImageObject","inLanguage":"es","@id":"https:\/\/www.4sa.fr\/en\/optimisation-financiere\/cargo-advisor\/#primaryimage","url":"https:\/\/www.4sa.fr\/wp-content\/uploads\/Cargo_Advisor.jpg","contentUrl":"https:\/\/www.4sa.fr\/wp-content\/uploads\/Cargo_Advisor.jpg"},{"@type":"BreadcrumbList","@id":"https:\/\/www.4sa.fr\/en\/optimisation-financiere\/cargo-advisor\/#breadcrumb","itemListElement":[{"@type":"ListItem","position":1,"name":"Home","item":"https:\/\/www.4sa.fr\/"},{"@type":"ListItem","position":2,"name":"Cost optimisation","item":"https:\/\/www.4sa.fr\/en\/optimisation-financiere\/"},{"@type":"ListItem","position":3,"name":"Cargo Advisor"}]},{"@type":"WebSite","@id":"https:\/\/www.4sa.fr\/#website","url":"https:\/\/www.4sa.fr\/","name":"4sa : consultant et expert en s\u00e9curit\u00e9 maritime","description":"s\u00e9curit\u00e9 maritime","potentialAction":[{"@type":"SearchAction","target":{"@type":"EntryPoint","urlTemplate":"https:\/\/www.4sa.fr\/?s={search_term_string}"},"query-input":{"@type":"PropertyValueSpecification","valueRequired":true,"valueName":"search_term_string"}}],"inLanguage":"es"}]}},"_links":{"self":[{"href":"https:\/\/www.4sa.fr\/es\/wp-json\/wp\/v2\/pages\/43","targetHints":{"allow":["GET"]}}],"collection":[{"href":"https:\/\/www.4sa.fr\/es\/wp-json\/wp\/v2\/pages"}],"about":[{"href":"https:\/\/www.4sa.fr\/es\/wp-json\/wp\/v2\/types\/page"}],"author":[{"embeddable":true,"href":"https:\/\/www.4sa.fr\/es\/wp-json\/wp\/v2\/users\/1"}],"replies":[{"embeddable":true,"href":"https:\/\/www.4sa.fr\/es\/wp-json\/wp\/v2\/comments?post=43"}],"version-history":[{"count":46,"href":"https:\/\/www.4sa.fr\/es\/wp-json\/wp\/v2\/pages\/43\/revisions"}],"predecessor-version":[{"id":1477,"href":"https:\/\/www.4sa.fr\/es\/wp-json\/wp\/v2\/pages\/43\/revisions\/1477"}],"up":[{"embeddable":true,"href":"https:\/\/www.4sa.fr\/es\/wp-json\/wp\/v2\/pages\/41"}],"wp:attachment":[{"href":"https:\/\/www.4sa.fr\/es\/wp-json\/wp\/v2\/media?parent=43"}],"curies":[{"name":"wp","href":"https:\/\/api.w.org\/{rel}","templated":true}]}}