{"id":45,"date":"2013-06-13T09:49:01","date_gmt":"2013-06-13T08:49:01","guid":{"rendered":"http:\/\/www.4sa.fr\/?page_id=45"},"modified":"2019-02-03T12:05:58","modified_gmt":"2019-02-03T11:05:58","slug":"superintendant","status":"publish","type":"page","link":"https:\/\/www.4sa.fr\/en\/optimisation-financiere\/superintendant\/","title":{"rendered":"Superintendant"},"content":{"rendered":"<p><img loading=\"lazy\" decoding=\"async\" class=\"size-full wp-image-844 alignleft\" src=\"https:\/\/www.4sa.fr\/wp-content\/uploads\/superintendant.jpg\" alt=\"superintendant\" width=\"300\" height=\"300\" srcset=\"https:\/\/www.4sa.fr\/wp-content\/uploads\/superintendant.jpg 300w, https:\/\/www.4sa.fr\/wp-content\/uploads\/superintendant-150x150.jpg 150w\" sizes=\"auto, (max-width: 300px) 100vw, 300px\" \/><\/p>\n<p style=\"padding-left: 360px; text-align: justify;\"><em>Three important members of staff participate in improving the cost-effectiveness of a maritime (or inland waterway) operation involving the loading or unloading of hazardous cargo (oil, gas chemicals): the Superintendent, the<\/em> <a href=\"https:\/\/www.4sa.fr\/en\/cost-optimisation\/loading-master\/\"><em>Loading Master,<\/em><\/a><em> and the <\/em><a href=\"https:\/\/www.4sa.fr\/\/en\/cost-optimisation\/cargo-advisor\/\"><em>Cargo Advisor.<\/em><\/a><\/p>\n<h5 style=\"display: inline-block; text-align: justify; padding-left: 40px;\">4SA&#8217;s Superintendent service<\/h5>\n<p style=\"padding-left: 360px; text-align: justify;\">Whether you are the shipper or the consignee of the goods, a Superintendent can represent you on site and <strong>defend your interests<\/strong>. The Superintendent can be seen as the &#8220;conductor&#8221; of all stakeholders involved. They verify that the correct instructions are followed by everyone throughout the cargo transfer, <strong>in order to shorten, as much as possible, the ship&#8217;s stay in port.<\/strong> This is done whilst adhering to the relevant requirements (flows, sampling, transfer rates&#8230;), ensuring that the <strong>correct <\/strong><strong>quantity<\/strong><strong> of product is transferred, and ensuring that it is of the correct quality.<\/strong><\/p>\n<p style=\"text-align: justify;\">Your 4SA Superintendent prepares the operation, <strong>informs<\/strong> you of its progress, and <strong>offers advice in real time<\/strong>. Their timed reports will help you to attribute excess costs incurred in port (demurrage) to the parties responsible for them (ship, loader, inspecting company, port&#8230;).<\/p>\n<p style=\"text-align: justify;\">Should there be a quality issue, they can propose a range of costed solutions to help you to take the right decision. For example, they can quantify the quality issue by cost analysis (due to renegotiated price) or add an additive, etc.<\/p>\n<p style=\"text-align: justify;\">4SA&#8217;s Superintendents are <strong>experienced people<\/strong> with good <strong>interpersonal skills, enabling them to achieve significant time and efficiency gains.<\/strong> For some operations, they are also able to take on the role of <a href=\"https:\/\/www.4sa.fr\/en\/cost-optimisation\/loading-master\/\">Loading Master<\/a> (4SA provides <a href=\"https:\/\/www.4sa.fr\/en\/audits-and-training\/training\/\">Loading Master training<\/a>).<\/p>\n<p style=\"text-align: justify;\">We also offer <strong>maritime supervision services<\/strong> for ship-owners. A 4SA officer (a Supercargo) on board a ship can ensure that it follows the company&#8217;s procedures (navigation, commercial operations, maintenance).<\/p>\n<p style=\"text-align: justify;\"><strong>Please contact us. <\/strong>With our experience in the maritime sector and the expertise of our staff, we are able to <strong>represent your interests anywhere in the world.<\/strong><\/p>\n<div class=\"line\"><span class=\"line\"> <\/span><\/div>\n<p style=\"text-align: justify;\"><strong>These companies trust us for their cost optimisation requirements:<\/strong><\/p>\n<p style=\"text-align: justify;\">INEOS then PETROINEOS since 2006, BP France since 2007, EDF-TL since 2011.<\/p>\n<div style=\"text-align: justify;\">\n<div class=\"line\"><span class=\"top\">[top]<\/span><\/div>\n<\/div>\n<p style=\"text-align: justify;\"><img loading=\"lazy\" decoding=\"async\" class=\"alignnone size-full wp-image-342\" src=\"https:\/\/www.4sa.fr\/wp-content\/uploads\/LOGO-BP.jpg\" alt=\"LOGO BP\" width=\"150\" height=\"150\" \/> <img loading=\"lazy\" decoding=\"async\" class=\"alignnone size-full wp-image-345\" src=\"https:\/\/www.4sa.fr\/wp-content\/uploads\/LOGO-EDF-TRADING-LOGISTIC.jpg\" alt=\"LOGO EDF TRADING LOGISTIC\" width=\"150\" height=\"150\" \/> <img loading=\"lazy\" decoding=\"async\" class=\"alignnone size-full wp-image-351\" src=\"https:\/\/www.4sa.fr\/wp-content\/uploads\/LOGO-TOTAL-PETRO.jpg\" alt=\"LOGO TOTAL PETRO\" width=\"150\" height=\"150\" \/><\/p>\n<p>&nbsp;<\/p>","protected":false},"excerpt":{"rendered":"<p>Three important members of staff participate in improving the cost-effectiveness of a maritime (or inland waterway) operation involving the loading or unloading of hazardous cargo (oil, gas chemicals): the Superintendent, the Loading Master, and the Cargo Advisor. 4SA&#8217;s Superintendent service Whether you are the shipper or the consignee of the goods, a Superintendent can represent &hellip; <a href=\"https:\/\/www.4sa.fr\/en\/optimisation-financiere\/superintendant\/\" class=\"more-link\">Continue reading <span class=\"screen-reader-text\">Superintendant<\/span><\/a><\/p>\n","protected":false},"author":1,"featured_media":0,"parent":41,"menu_order":0,"comment_status":"closed","ping_status":"closed","template":"","meta":{"_acf_changed":false,"footnotes":""},"class_list":["post-45","page","type-page","status-publish","hentry"],"acf":[],"yoast_head":"<!-- This site is optimized with the Yoast SEO plugin v26.9 - https:\/\/yoast.com\/product\/yoast-seo-wordpress\/ -->\n<title>Superintendant - 4sa : consultant et expert en s\u00e9curit\u00e9 maritime<\/title>\n<meta name=\"robots\" content=\"index, follow, max-snippet:-1, max-image-preview:large, max-video-preview:-1\" \/>\n<link rel=\"canonical\" href=\"https:\/\/www.4sa.fr\/es\/optimisation-financiere\/superintendant\/\" \/>\n<meta property=\"og:locale\" content=\"en_US\" \/>\n<meta property=\"og:type\" content=\"article\" \/>\n<meta property=\"og:title\" content=\"[:fr]Superintendant[:en]Superintendant[:es]Superintendente[:] - 4sa : consultant et expert en s\u00e9curit\u00e9 maritime\" \/>\n<meta property=\"og:description\" content=\"Three important members of staff participate in improving the cost-effectiveness of a maritime (or inland waterway) operation involving the loading or unloading of hazardous cargo (oil, gas chemicals): the Superintendent, the Loading Master, and the Cargo Advisor. 4SA&#8217;s Superintendent service Whether you are the shipper or the consignee of the goods, a Superintendent can represent &hellip; Continue reading Superintendant\" \/>\n<meta property=\"og:url\" content=\"https:\/\/www.4sa.fr\/es\/optimisation-financiere\/superintendant\/\" \/>\n<meta property=\"og:site_name\" content=\"4sa : consultant et expert en s\u00e9curit\u00e9 maritime\" \/>\n<meta property=\"article:modified_time\" content=\"2019-02-03T11:05:58+00:00\" \/>\n<meta property=\"og:image\" content=\"https:\/\/www.4sa.fr\/wp-content\/uploads\/superintendant.jpg\" \/>\n<meta name=\"twitter:card\" content=\"summary_large_image\" \/>\n<script type=\"application\/ld+json\" class=\"yoast-schema-graph\">{\"@context\":\"https:\/\/schema.org\",\"@graph\":[{\"@type\":\"WebPage\",\"@id\":\"https:\/\/www.4sa.fr\/es\/optimisation-financiere\/superintendant\/\",\"url\":\"https:\/\/www.4sa.fr\/es\/optimisation-financiere\/superintendant\/\",\"name\":\"[:fr]Superintendant[:en]Superintendant[:es]Superintendente[:] - 4sa : consultant et expert en s\u00e9curit\u00e9 maritime\",\"isPartOf\":{\"@id\":\"https:\/\/www.4sa.fr\/#website\"},\"primaryImageOfPage\":{\"@id\":\"https:\/\/www.4sa.fr\/es\/optimisation-financiere\/superintendant\/#primaryimage\"},\"image\":{\"@id\":\"https:\/\/www.4sa.fr\/es\/optimisation-financiere\/superintendant\/#primaryimage\"},\"thumbnailUrl\":\"https:\/\/www.4sa.fr\/wp-content\/uploads\/superintendant.jpg\",\"datePublished\":\"2013-06-13T08:49:01+00:00\",\"dateModified\":\"2019-02-03T11:05:58+00:00\",\"breadcrumb\":{\"@id\":\"https:\/\/www.4sa.fr\/es\/optimisation-financiere\/superintendant\/#breadcrumb\"},\"inLanguage\":\"en-US\",\"potentialAction\":[{\"@type\":\"ReadAction\",\"target\":[\"https:\/\/www.4sa.fr\/es\/optimisation-financiere\/superintendant\/\"]}]},{\"@type\":\"ImageObject\",\"inLanguage\":\"en-US\",\"@id\":\"https:\/\/www.4sa.fr\/es\/optimisation-financiere\/superintendant\/#primaryimage\",\"url\":\"https:\/\/www.4sa.fr\/wp-content\/uploads\/superintendant.jpg\",\"contentUrl\":\"https:\/\/www.4sa.fr\/wp-content\/uploads\/superintendant.jpg\"},{\"@type\":\"BreadcrumbList\",\"@id\":\"https:\/\/www.4sa.fr\/es\/optimisation-financiere\/superintendant\/#breadcrumb\",\"itemListElement\":[{\"@type\":\"ListItem\",\"position\":1,\"name\":\"Home\",\"item\":\"https:\/\/www.4sa.fr\/\"},{\"@type\":\"ListItem\",\"position\":2,\"name\":\"Cost optimisation\",\"item\":\"https:\/\/www.4sa.fr\/en\/optimisation-financiere\/\"},{\"@type\":\"ListItem\",\"position\":3,\"name\":\"Superintendente\"}]},{\"@type\":\"WebSite\",\"@id\":\"https:\/\/www.4sa.fr\/#website\",\"url\":\"https:\/\/www.4sa.fr\/\",\"name\":\"4sa : consultant et expert en s\u00e9curit\u00e9 maritime\",\"description\":\"s\u00e9curit\u00e9 maritime\",\"potentialAction\":[{\"@type\":\"SearchAction\",\"target\":{\"@type\":\"EntryPoint\",\"urlTemplate\":\"https:\/\/www.4sa.fr\/?s={search_term_string}\"},\"query-input\":{\"@type\":\"PropertyValueSpecification\",\"valueRequired\":true,\"valueName\":\"search_term_string\"}}],\"inLanguage\":\"en-US\"}]}<\/script>\n<!-- \/ Yoast SEO plugin. -->","yoast_head_json":{"title":"[:fr]Superintendant[:en]Superintendant[:es]Superintendente[:] - 4sa : consultant et expert en s\u00e9curit\u00e9 maritime","robots":{"index":"index","follow":"follow","max-snippet":"max-snippet:-1","max-image-preview":"max-image-preview:large","max-video-preview":"max-video-preview:-1"},"canonical":"https:\/\/www.4sa.fr\/es\/optimisation-financiere\/superintendant\/","og_locale":"en_US","og_type":"article","og_title":"[:fr]Superintendant[:en]Superintendant[:es]Superintendente[:] - 4sa : consultant et expert en s\u00e9curit\u00e9 maritime","og_description":"Three important members of staff participate in improving the cost-effectiveness of a maritime (or inland waterway) operation involving the loading or unloading of hazardous cargo (oil, gas chemicals): the Superintendent, the Loading Master, and the Cargo Advisor. 4SA&#8217;s Superintendent service Whether you are the shipper or the consignee of the goods, a Superintendent can represent &hellip; Continue reading Superintendant","og_url":"https:\/\/www.4sa.fr\/es\/optimisation-financiere\/superintendant\/","og_site_name":"4sa : consultant et expert en s\u00e9curit\u00e9 maritime","article_modified_time":"2019-02-03T11:05:58+00:00","og_image":[{"url":"https:\/\/www.4sa.fr\/wp-content\/uploads\/superintendant.jpg","type":"","width":"","height":""}],"twitter_card":"summary_large_image","schema":{"@context":"https:\/\/schema.org","@graph":[{"@type":"WebPage","@id":"https:\/\/www.4sa.fr\/es\/optimisation-financiere\/superintendant\/","url":"https:\/\/www.4sa.fr\/es\/optimisation-financiere\/superintendant\/","name":"[:fr]Superintendant[:en]Superintendant[:es]Superintendente[:] - 4sa : consultant et expert en s\u00e9curit\u00e9 maritime","isPartOf":{"@id":"https:\/\/www.4sa.fr\/#website"},"primaryImageOfPage":{"@id":"https:\/\/www.4sa.fr\/es\/optimisation-financiere\/superintendant\/#primaryimage"},"image":{"@id":"https:\/\/www.4sa.fr\/es\/optimisation-financiere\/superintendant\/#primaryimage"},"thumbnailUrl":"https:\/\/www.4sa.fr\/wp-content\/uploads\/superintendant.jpg","datePublished":"2013-06-13T08:49:01+00:00","dateModified":"2019-02-03T11:05:58+00:00","breadcrumb":{"@id":"https:\/\/www.4sa.fr\/es\/optimisation-financiere\/superintendant\/#breadcrumb"},"inLanguage":"en-US","potentialAction":[{"@type":"ReadAction","target":["https:\/\/www.4sa.fr\/es\/optimisation-financiere\/superintendant\/"]}]},{"@type":"ImageObject","inLanguage":"en-US","@id":"https:\/\/www.4sa.fr\/es\/optimisation-financiere\/superintendant\/#primaryimage","url":"https:\/\/www.4sa.fr\/wp-content\/uploads\/superintendant.jpg","contentUrl":"https:\/\/www.4sa.fr\/wp-content\/uploads\/superintendant.jpg"},{"@type":"BreadcrumbList","@id":"https:\/\/www.4sa.fr\/es\/optimisation-financiere\/superintendant\/#breadcrumb","itemListElement":[{"@type":"ListItem","position":1,"name":"Home","item":"https:\/\/www.4sa.fr\/"},{"@type":"ListItem","position":2,"name":"Cost optimisation","item":"https:\/\/www.4sa.fr\/en\/optimisation-financiere\/"},{"@type":"ListItem","position":3,"name":"Superintendente"}]},{"@type":"WebSite","@id":"https:\/\/www.4sa.fr\/#website","url":"https:\/\/www.4sa.fr\/","name":"4sa : consultant et expert en s\u00e9curit\u00e9 maritime","description":"s\u00e9curit\u00e9 maritime","potentialAction":[{"@type":"SearchAction","target":{"@type":"EntryPoint","urlTemplate":"https:\/\/www.4sa.fr\/?s={search_term_string}"},"query-input":{"@type":"PropertyValueSpecification","valueRequired":true,"valueName":"search_term_string"}}],"inLanguage":"en-US"}]}},"_links":{"self":[{"href":"https:\/\/www.4sa.fr\/en\/wp-json\/wp\/v2\/pages\/45","targetHints":{"allow":["GET"]}}],"collection":[{"href":"https:\/\/www.4sa.fr\/en\/wp-json\/wp\/v2\/pages"}],"about":[{"href":"https:\/\/www.4sa.fr\/en\/wp-json\/wp\/v2\/types\/page"}],"author":[{"embeddable":true,"href":"https:\/\/www.4sa.fr\/en\/wp-json\/wp\/v2\/users\/1"}],"replies":[{"embeddable":true,"href":"https:\/\/www.4sa.fr\/en\/wp-json\/wp\/v2\/comments?post=45"}],"version-history":[{"count":34,"href":"https:\/\/www.4sa.fr\/en\/wp-json\/wp\/v2\/pages\/45\/revisions"}],"predecessor-version":[{"id":1478,"href":"https:\/\/www.4sa.fr\/en\/wp-json\/wp\/v2\/pages\/45\/revisions\/1478"}],"up":[{"embeddable":true,"href":"https:\/\/www.4sa.fr\/en\/wp-json\/wp\/v2\/pages\/41"}],"wp:attachment":[{"href":"https:\/\/www.4sa.fr\/en\/wp-json\/wp\/v2\/media?parent=45"}],"curies":[{"name":"wp","href":"https:\/\/api.w.org\/{rel}","templated":true}]}}