{"id":43,"date":"2013-06-13T09:47:51","date_gmt":"2013-06-13T08:47:51","guid":{"rendered":"http:\/\/www.4sa.fr\/?page_id=43"},"modified":"2019-02-03T12:02:44","modified_gmt":"2019-02-03T11:02:44","slug":"cargo-advisor","status":"publish","type":"page","link":"https:\/\/www.4sa.fr\/en\/optimisation-financiere\/cargo-advisor\/","title":{"rendered":"Cargo Advisor"},"content":{"rendered":"<p><img loading=\"lazy\" decoding=\"async\" class=\"alignnone size-full wp-image-814\" src=\"https:\/\/www.4sa.fr\/wp-content\/uploads\/Cargo_Advisor.jpg\" alt=\"Cargo Advisor\" width=\"690\" height=\"280\" srcset=\"https:\/\/www.4sa.fr\/wp-content\/uploads\/Cargo_Advisor.jpg 690w, https:\/\/www.4sa.fr\/wp-content\/uploads\/Cargo_Advisor-300x122.jpg 300w\" sizes=\"auto, (max-width: 690px) 100vw, 690px\" \/><\/p>\n<p style=\"text-align: justify;\"><em>Four important members of staff can participate in improving the cost-effectiveness of a maritime (or inland waterway) operation involving the loading, unloading or transshipment of hazardous cargo (oil, gas chemicals): the <a href=\"https:\/\/www.4sa.fr\/optimisation-financiere\/superintendant\/\">Superintendent<\/a>, the <a href=\"https:\/\/www.4sa.fr\/optimisation-financiere\/loading-master\/\">Loading Master<\/a>, the <a href=\"https:\/\/www.4sa.fr\/en\/cost-optimisation\/cargo-surveyor\/\">Cargo Surveyor<\/a> and the Cargo Advisor.<\/em><\/p>\n<h5 style=\"text-align: justify;\">4SA&#8217;s &#8220;Cargo Advisor&#8221; service<\/h5>\n<p style=\"text-align: justify;\">As the consignee of the goods, you can appoint a 4SA Cargo Advisor, who will optimise the technical means used to unload cargo (emptying the ship in the most efficient way possible), whilst minimising wasted time.<\/p>\n<p style=\"text-align: justify;\">As your representative, your Cargo Advisor is your eyes and ears on the ground. They will keep your informed of the progress of your commercial operation and any problems which occur, <strong>in real time.<\/strong> They are a proactive influence to help to decide how to proceed in the event of a choice between loss of product and loss of time. After each operation, you will receive a detailed report.<\/p>\n<p style=\"text-align: justify;\">Firmly rooted in the strong safety culture at 4SA (in 4SA&#8217;s strong safety culture), our Cargo Advisors manage their operations in complete safety.<\/p>\n<p style=\"text-align: justify;\"><strong>Please contact us, <\/strong>with our knowledge of the maritime sector and the expertise of our staff, we are able to respond to <strong>any customer requirements, anywhere in the world,<\/strong> whether they relate to cost optimisation, <a href=\"https:\/\/www.4sa.fr\/en\/maritime-safety\/port-safety\/\">port safety<\/a> (loading, unloading, <a href=\"https:\/\/www.4sa.fr\/en\/maritime-safety\/transshipment\/\">transshipments<\/a>) \u2013 or both at the same time \u2013, <a href=\"https:\/\/www.4sa.fr\/en\/audits-and-training\/auditing\/\">auditing<\/a>, <a href=\"https:\/\/www.4sa.fr\/en\/audits-and-training\/training\/\">training<\/a> or <a href=\"https:\/\/www.4sa.fr\/en\/audits-and-training\/mentoring\/\">mentoring.<\/a><\/p>\n<div style=\"text-align: justify;\">\n<div class=\"line\"><span class=\"line\"> <\/span><\/div>\n<p><strong>These companies trust for their cost optimisation requirements:<\/strong><\/p>\n<p>INEOS then PETROINEOS since 2006, BP France since 2007, EDF-TL since 2011.<\/p>\n<div class=\"line\"><span class=\"top\">[top]<\/span><\/div>\n<\/div>\n<p style=\"text-align: justify;\">\n<p style=\"text-align: justify;\"><em id=\"__mceDel\"><img loading=\"lazy\" decoding=\"async\" class=\"alignnone size-full wp-image-350\" src=\"https:\/\/www.4sa.fr\/wp-content\/uploads\/LOGO-PETROINEOS.jpg\" alt=\"LOGO PETROINEOS\" width=\"150\" height=\"150\" \/><\/em><\/p>\n<p><\/p>","protected":false},"excerpt":{"rendered":"<p>Four important members of staff can participate in improving the cost-effectiveness of a maritime (or inland waterway) operation involving the loading, unloading or transshipment of hazardous cargo (oil, gas chemicals): the Superintendent, the Loading Master, the Cargo Surveyor and the Cargo Advisor. 4SA&#8217;s &#8220;Cargo Advisor&#8221; service As the consignee of the goods, you can appoint &hellip; <a href=\"https:\/\/www.4sa.fr\/en\/optimisation-financiere\/cargo-advisor\/\" class=\"more-link\">Continue reading <span class=\"screen-reader-text\">Cargo Advisor<\/span><\/a><\/p>\n","protected":false},"author":1,"featured_media":0,"parent":41,"menu_order":0,"comment_status":"closed","ping_status":"closed","template":"","meta":{"_acf_changed":false,"footnotes":""},"class_list":["post-43","page","type-page","status-publish","hentry"],"acf":[],"yoast_head":"<!-- This site is optimized with the Yoast SEO plugin v26.9 - https:\/\/yoast.com\/product\/yoast-seo-wordpress\/ -->\n<title>Cargo Advisor - 4sa : consultant et expert en s\u00e9curit\u00e9 maritime<\/title>\n<meta name=\"robots\" content=\"index, follow, max-snippet:-1, max-image-preview:large, max-video-preview:-1\" \/>\n<link rel=\"canonical\" href=\"https:\/\/www.4sa.fr\/en\/optimisation-financiere\/cargo-advisor\/\" \/>\n<meta property=\"og:locale\" content=\"en_US\" \/>\n<meta property=\"og:type\" content=\"article\" \/>\n<meta property=\"og:title\" content=\"Cargo Advisor - 4sa : consultant et expert en s\u00e9curit\u00e9 maritime\" \/>\n<meta property=\"og:description\" content=\"Four important members of staff can participate in improving the cost-effectiveness of a maritime (or inland waterway) operation involving the loading, unloading or transshipment of hazardous cargo (oil, gas chemicals): the Superintendent, the Loading Master, the Cargo Surveyor and the Cargo Advisor. 4SA&#8217;s &#8220;Cargo Advisor&#8221; service As the consignee of the goods, you can appoint &hellip; Continue reading Cargo Advisor\" \/>\n<meta property=\"og:url\" content=\"https:\/\/www.4sa.fr\/en\/optimisation-financiere\/cargo-advisor\/\" \/>\n<meta property=\"og:site_name\" content=\"4sa : consultant et expert en s\u00e9curit\u00e9 maritime\" \/>\n<meta property=\"article:modified_time\" content=\"2019-02-03T11:02:44+00:00\" \/>\n<meta property=\"og:image\" content=\"https:\/\/www.4sa.fr\/wp-content\/uploads\/Cargo_Advisor.jpg\" \/>\n<meta name=\"twitter:card\" content=\"summary_large_image\" \/>\n<script type=\"application\/ld+json\" class=\"yoast-schema-graph\">{\"@context\":\"https:\/\/schema.org\",\"@graph\":[{\"@type\":\"WebPage\",\"@id\":\"https:\/\/www.4sa.fr\/en\/optimisation-financiere\/cargo-advisor\/\",\"url\":\"https:\/\/www.4sa.fr\/en\/optimisation-financiere\/cargo-advisor\/\",\"name\":\"Cargo Advisor - 4sa : consultant et expert en s\u00e9curit\u00e9 maritime\",\"isPartOf\":{\"@id\":\"https:\/\/www.4sa.fr\/#website\"},\"primaryImageOfPage\":{\"@id\":\"https:\/\/www.4sa.fr\/en\/optimisation-financiere\/cargo-advisor\/#primaryimage\"},\"image\":{\"@id\":\"https:\/\/www.4sa.fr\/en\/optimisation-financiere\/cargo-advisor\/#primaryimage\"},\"thumbnailUrl\":\"https:\/\/www.4sa.fr\/wp-content\/uploads\/Cargo_Advisor.jpg\",\"datePublished\":\"2013-06-13T08:47:51+00:00\",\"dateModified\":\"2019-02-03T11:02:44+00:00\",\"breadcrumb\":{\"@id\":\"https:\/\/www.4sa.fr\/en\/optimisation-financiere\/cargo-advisor\/#breadcrumb\"},\"inLanguage\":\"en-US\",\"potentialAction\":[{\"@type\":\"ReadAction\",\"target\":[\"https:\/\/www.4sa.fr\/en\/optimisation-financiere\/cargo-advisor\/\"]}]},{\"@type\":\"ImageObject\",\"inLanguage\":\"en-US\",\"@id\":\"https:\/\/www.4sa.fr\/en\/optimisation-financiere\/cargo-advisor\/#primaryimage\",\"url\":\"https:\/\/www.4sa.fr\/wp-content\/uploads\/Cargo_Advisor.jpg\",\"contentUrl\":\"https:\/\/www.4sa.fr\/wp-content\/uploads\/Cargo_Advisor.jpg\"},{\"@type\":\"BreadcrumbList\",\"@id\":\"https:\/\/www.4sa.fr\/en\/optimisation-financiere\/cargo-advisor\/#breadcrumb\",\"itemListElement\":[{\"@type\":\"ListItem\",\"position\":1,\"name\":\"Home\",\"item\":\"https:\/\/www.4sa.fr\/\"},{\"@type\":\"ListItem\",\"position\":2,\"name\":\"Cost optimisation\",\"item\":\"https:\/\/www.4sa.fr\/en\/optimisation-financiere\/\"},{\"@type\":\"ListItem\",\"position\":3,\"name\":\"Cargo Advisor\"}]},{\"@type\":\"WebSite\",\"@id\":\"https:\/\/www.4sa.fr\/#website\",\"url\":\"https:\/\/www.4sa.fr\/\",\"name\":\"4sa : consultant et expert en s\u00e9curit\u00e9 maritime\",\"description\":\"s\u00e9curit\u00e9 maritime\",\"potentialAction\":[{\"@type\":\"SearchAction\",\"target\":{\"@type\":\"EntryPoint\",\"urlTemplate\":\"https:\/\/www.4sa.fr\/?s={search_term_string}\"},\"query-input\":{\"@type\":\"PropertyValueSpecification\",\"valueRequired\":true,\"valueName\":\"search_term_string\"}}],\"inLanguage\":\"en-US\"}]}<\/script>\n<!-- \/ Yoast SEO plugin. -->","yoast_head_json":{"title":"Cargo Advisor - 4sa : consultant et expert en s\u00e9curit\u00e9 maritime","robots":{"index":"index","follow":"follow","max-snippet":"max-snippet:-1","max-image-preview":"max-image-preview:large","max-video-preview":"max-video-preview:-1"},"canonical":"https:\/\/www.4sa.fr\/en\/optimisation-financiere\/cargo-advisor\/","og_locale":"en_US","og_type":"article","og_title":"Cargo Advisor - 4sa : consultant et expert en s\u00e9curit\u00e9 maritime","og_description":"Four important members of staff can participate in improving the cost-effectiveness of a maritime (or inland waterway) operation involving the loading, unloading or transshipment of hazardous cargo (oil, gas chemicals): the Superintendent, the Loading Master, the Cargo Surveyor and the Cargo Advisor. 4SA&#8217;s &#8220;Cargo Advisor&#8221; service As the consignee of the goods, you can appoint &hellip; Continue reading Cargo Advisor","og_url":"https:\/\/www.4sa.fr\/en\/optimisation-financiere\/cargo-advisor\/","og_site_name":"4sa : consultant et expert en s\u00e9curit\u00e9 maritime","article_modified_time":"2019-02-03T11:02:44+00:00","og_image":[{"url":"https:\/\/www.4sa.fr\/wp-content\/uploads\/Cargo_Advisor.jpg","type":"","width":"","height":""}],"twitter_card":"summary_large_image","schema":{"@context":"https:\/\/schema.org","@graph":[{"@type":"WebPage","@id":"https:\/\/www.4sa.fr\/en\/optimisation-financiere\/cargo-advisor\/","url":"https:\/\/www.4sa.fr\/en\/optimisation-financiere\/cargo-advisor\/","name":"Cargo Advisor - 4sa : consultant et expert en s\u00e9curit\u00e9 maritime","isPartOf":{"@id":"https:\/\/www.4sa.fr\/#website"},"primaryImageOfPage":{"@id":"https:\/\/www.4sa.fr\/en\/optimisation-financiere\/cargo-advisor\/#primaryimage"},"image":{"@id":"https:\/\/www.4sa.fr\/en\/optimisation-financiere\/cargo-advisor\/#primaryimage"},"thumbnailUrl":"https:\/\/www.4sa.fr\/wp-content\/uploads\/Cargo_Advisor.jpg","datePublished":"2013-06-13T08:47:51+00:00","dateModified":"2019-02-03T11:02:44+00:00","breadcrumb":{"@id":"https:\/\/www.4sa.fr\/en\/optimisation-financiere\/cargo-advisor\/#breadcrumb"},"inLanguage":"en-US","potentialAction":[{"@type":"ReadAction","target":["https:\/\/www.4sa.fr\/en\/optimisation-financiere\/cargo-advisor\/"]}]},{"@type":"ImageObject","inLanguage":"en-US","@id":"https:\/\/www.4sa.fr\/en\/optimisation-financiere\/cargo-advisor\/#primaryimage","url":"https:\/\/www.4sa.fr\/wp-content\/uploads\/Cargo_Advisor.jpg","contentUrl":"https:\/\/www.4sa.fr\/wp-content\/uploads\/Cargo_Advisor.jpg"},{"@type":"BreadcrumbList","@id":"https:\/\/www.4sa.fr\/en\/optimisation-financiere\/cargo-advisor\/#breadcrumb","itemListElement":[{"@type":"ListItem","position":1,"name":"Home","item":"https:\/\/www.4sa.fr\/"},{"@type":"ListItem","position":2,"name":"Cost optimisation","item":"https:\/\/www.4sa.fr\/en\/optimisation-financiere\/"},{"@type":"ListItem","position":3,"name":"Cargo Advisor"}]},{"@type":"WebSite","@id":"https:\/\/www.4sa.fr\/#website","url":"https:\/\/www.4sa.fr\/","name":"4sa : consultant et expert en s\u00e9curit\u00e9 maritime","description":"s\u00e9curit\u00e9 maritime","potentialAction":[{"@type":"SearchAction","target":{"@type":"EntryPoint","urlTemplate":"https:\/\/www.4sa.fr\/?s={search_term_string}"},"query-input":{"@type":"PropertyValueSpecification","valueRequired":true,"valueName":"search_term_string"}}],"inLanguage":"en-US"}]}},"_links":{"self":[{"href":"https:\/\/www.4sa.fr\/en\/wp-json\/wp\/v2\/pages\/43","targetHints":{"allow":["GET"]}}],"collection":[{"href":"https:\/\/www.4sa.fr\/en\/wp-json\/wp\/v2\/pages"}],"about":[{"href":"https:\/\/www.4sa.fr\/en\/wp-json\/wp\/v2\/types\/page"}],"author":[{"embeddable":true,"href":"https:\/\/www.4sa.fr\/en\/wp-json\/wp\/v2\/users\/1"}],"replies":[{"embeddable":true,"href":"https:\/\/www.4sa.fr\/en\/wp-json\/wp\/v2\/comments?post=43"}],"version-history":[{"count":46,"href":"https:\/\/www.4sa.fr\/en\/wp-json\/wp\/v2\/pages\/43\/revisions"}],"predecessor-version":[{"id":1477,"href":"https:\/\/www.4sa.fr\/en\/wp-json\/wp\/v2\/pages\/43\/revisions\/1477"}],"up":[{"embeddable":true,"href":"https:\/\/www.4sa.fr\/en\/wp-json\/wp\/v2\/pages\/41"}],"wp:attachment":[{"href":"https:\/\/www.4sa.fr\/en\/wp-json\/wp\/v2\/media?parent=43"}],"curies":[{"name":"wp","href":"https:\/\/api.w.org\/{rel}","templated":true}]}}