{"id":39,"date":"2013-06-13T09:44:44","date_gmt":"2013-06-13T08:44:44","guid":{"rendered":"http:\/\/www.4sa.fr\/?page_id=39"},"modified":"2019-02-03T12:45:38","modified_gmt":"2019-02-03T11:45:38","slug":"qualite","status":"publish","type":"page","link":"https:\/\/www.4sa.fr\/en\/tso\/qualite\/","title":{"rendered":"Our QHSE commitments"},"content":{"rendered":"<p><img loading=\"lazy\" decoding=\"async\" class=\"alignnone size-full wp-image-788\" src=\"https:\/\/www.4sa.fr\/wp-content\/uploads\/Engagements-QSSE.jpg\" alt=\"Engagements QSSE\" width=\"690\" height=\"280\" srcset=\"https:\/\/www.4sa.fr\/wp-content\/uploads\/Engagements-QSSE.jpg 690w, https:\/\/www.4sa.fr\/wp-content\/uploads\/Engagements-QSSE-300x122.jpg 300w\" sizes=\"auto, (max-width: 690px) 100vw, 690px\" \/><\/p>\n<h5 style=\"text-align: justify;\">4SA, providing expert, insightful, and effective services<\/h5>\n<p style=\"text-align: justify;\"><strong>Transferring hazardous liquid cargo to or from a ship: complex and sensitive operations.<\/strong><\/p>\n<p style=\"text-align: justify;\">Covering the <strong>HSE<\/strong> (Hygiene, Safety, and Environmental) requirements for a tanker in port (loading, unloading, transshipping) is a <strong>duty<\/strong> which involves <strong>criminal liability.<\/strong><\/p>\n<p style=\"text-align: justify;\">Only experienced personnel, capable of managing a set of factors (technical, equipment-related, human, interpersonal, regulatory, linguistic&#8230;) which is both unique and complex are able to coordinate, in complete safety, the transfer of hazardous substances (oil, gas, chemicals).<\/p>\n<p style=\"text-align: justify;\"><strong>4SA, human resources and processes which are able to meet the challenge<\/strong><\/p>\n<p style=\"text-align: justify;\">Since 2002, 4SA has met all the challenges that its operations pose with <strong>human resources and processes which are able to manage the environmental, legal, and financial risks involved.<\/strong><\/p>\n<h5 style=\"text-align: justify;\">4SAs quality advantages<\/h5>\n<p style=\"text-align: justify;\"><strong>Highly qualified personnel<\/strong>: 4SA mainly employs <strong>experienced officers from the merchant navy <\/strong><span style=\"color: #ff9900;\"><strong>[1]<\/strong><\/span>, trained in merchant navy safety procedures. Thanks to the range of assignments they carry out, &#8220;routine&#8221; never affects their alertness. They know where to look, what to look for, and what to check.<\/p>\n<p style=\"text-align: justify;\"><strong>Excellence in quality control: <\/strong>by implementing a Quality and Safety Management System <strong>(4SA QSMS)<\/strong>, 4SA is continuously working on improving its methods, its indicators, and its statistics. In 2008, this QSMS enabled 4SA to be awarded MASE certification for a period of 3 years and in 2010, it gained us ISO 9001:2008. It has also enabled us to retain these certifications.<\/p>\n<p>Since 2006, 4SA has held the status of<strong><em> organisme de formation<\/em><\/strong> [training organisation], awarded by the <strong>French Regional Directorate for Employment.<\/strong><\/p>\n<p><strong>The results speak for themselves:<\/strong> the number of risks of potentially serious accidents in our area of operation is now <strong>a tenth of the figure recorded 10 years ago<\/strong>. (Lien courbe)<\/p>\n<p><strong>A very high rate of customer satisfaction: 98%<\/strong><\/p>\n<p><strong>An exceptional database: <\/strong>with <strong>2000 monitored ships,<\/strong> representing <strong>12,000 <\/strong>calls 4SA&#8217;s database (records of ships, feedback on experience) is a veritable asset for the maritime freight sector.<\/p>\n<div class=\"line\" style=\"text-align: justify;\"><span class=\"line\"> <\/span><\/div>\n<div>\n<div>\n<p style=\"text-align: justify;\"><span style=\"color: #ff6600;\">[1]<\/span> This is exactly what you would expect from people with shipping experience who have be trained internally by their officers<\/p>\n<div class=\"line\" style=\"text-align: justify;\"><span class=\"top\">[top]<\/span><\/div>\n<\/div>\n<\/div>\n<p><\/p>","protected":false},"excerpt":{"rendered":"<p>4SA, providing expert, insightful, and effective services Transferring hazardous liquid cargo to or from a ship: complex and sensitive operations. Covering the HSE (Hygiene, Safety, and Environmental) requirements for a tanker in port (loading, unloading, transshipping) is a duty which involves criminal liability. Only experienced personnel, capable of managing a set of factors (technical, equipment-related, &hellip; <a href=\"https:\/\/www.4sa.fr\/en\/tso\/qualite\/\" class=\"more-link\">Continue reading <span class=\"screen-reader-text\">Our QHSE commitments<\/span><\/a><\/p>\n","protected":false},"author":1,"featured_media":0,"parent":8,"menu_order":0,"comment_status":"closed","ping_status":"closed","template":"","meta":{"_acf_changed":false,"footnotes":""},"class_list":["post-39","page","type-page","status-publish","hentry"],"acf":[],"yoast_head":"<!-- This site is optimized with the Yoast SEO plugin v26.9 - https:\/\/yoast.com\/product\/yoast-seo-wordpress\/ -->\n<title>Our QHSE commitments - 4sa : consultant et expert en s\u00e9curit\u00e9 maritime<\/title>\n<meta name=\"robots\" content=\"index, follow, max-snippet:-1, max-image-preview:large, max-video-preview:-1\" \/>\n<link rel=\"canonical\" href=\"https:\/\/www.4sa.fr\/en\/tso\/qualite\/\" \/>\n<meta property=\"og:locale\" content=\"en_US\" \/>\n<meta property=\"og:type\" content=\"article\" \/>\n<meta property=\"og:title\" content=\"[:fr]Engagements QSSE[:en]Our QHSE commitments[:es]Compromisos CSSM[:] - 4sa : consultant et expert en s\u00e9curit\u00e9 maritime\" \/>\n<meta property=\"og:description\" content=\"4SA, providing expert, insightful, and effective services Transferring hazardous liquid cargo to or from a ship: complex and sensitive operations. Covering the HSE (Hygiene, Safety, and Environmental) requirements for a tanker in port (loading, unloading, transshipping) is a duty which involves criminal liability. Only experienced personnel, capable of managing a set of factors (technical, equipment-related, &hellip; Continue reading Our QHSE commitments\" \/>\n<meta property=\"og:url\" content=\"https:\/\/www.4sa.fr\/en\/tso\/qualite\/\" \/>\n<meta property=\"og:site_name\" content=\"4sa : consultant et expert en s\u00e9curit\u00e9 maritime\" \/>\n<meta property=\"article:modified_time\" content=\"2019-02-03T11:45:38+00:00\" \/>\n<meta property=\"og:image\" content=\"https:\/\/www.4sa.fr\/wp-content\/uploads\/Engagements-QSSE.jpg\" \/>\n<meta name=\"twitter:card\" content=\"summary_large_image\" \/>\n<script type=\"application\/ld+json\" class=\"yoast-schema-graph\">{\"@context\":\"https:\/\/schema.org\",\"@graph\":[{\"@type\":\"WebPage\",\"@id\":\"https:\/\/www.4sa.fr\/en\/tso\/qualite\/\",\"url\":\"https:\/\/www.4sa.fr\/en\/tso\/qualite\/\",\"name\":\"[:fr]Engagements QSSE[:en]Our QHSE commitments[:es]Compromisos CSSM[:] - 4sa : consultant et expert en s\u00e9curit\u00e9 maritime\",\"isPartOf\":{\"@id\":\"https:\/\/www.4sa.fr\/#website\"},\"primaryImageOfPage\":{\"@id\":\"https:\/\/www.4sa.fr\/en\/tso\/qualite\/#primaryimage\"},\"image\":{\"@id\":\"https:\/\/www.4sa.fr\/en\/tso\/qualite\/#primaryimage\"},\"thumbnailUrl\":\"https:\/\/www.4sa.fr\/wp-content\/uploads\/Engagements-QSSE.jpg\",\"datePublished\":\"2013-06-13T08:44:44+00:00\",\"dateModified\":\"2019-02-03T11:45:38+00:00\",\"breadcrumb\":{\"@id\":\"https:\/\/www.4sa.fr\/en\/tso\/qualite\/#breadcrumb\"},\"inLanguage\":\"en-US\",\"potentialAction\":[{\"@type\":\"ReadAction\",\"target\":[\"https:\/\/www.4sa.fr\/en\/tso\/qualite\/\"]}]},{\"@type\":\"ImageObject\",\"inLanguage\":\"en-US\",\"@id\":\"https:\/\/www.4sa.fr\/en\/tso\/qualite\/#primaryimage\",\"url\":\"https:\/\/www.4sa.fr\/wp-content\/uploads\/Engagements-QSSE.jpg\",\"contentUrl\":\"https:\/\/www.4sa.fr\/wp-content\/uploads\/Engagements-QSSE.jpg\"},{\"@type\":\"BreadcrumbList\",\"@id\":\"https:\/\/www.4sa.fr\/en\/tso\/qualite\/#breadcrumb\",\"itemListElement\":[{\"@type\":\"ListItem\",\"position\":1,\"name\":\"Home\",\"item\":\"https:\/\/www.4sa.fr\/\"},{\"@type\":\"ListItem\",\"position\":2,\"name\":\"S\u00e9curit\u00e9 maritime\",\"item\":\"https:\/\/www.4sa.fr\/en\/tso\/\"},{\"@type\":\"ListItem\",\"position\":3,\"name\":\"Our QHSE commitments\"}]},{\"@type\":\"WebSite\",\"@id\":\"https:\/\/www.4sa.fr\/#website\",\"url\":\"https:\/\/www.4sa.fr\/\",\"name\":\"4sa : consultant et expert en s\u00e9curit\u00e9 maritime\",\"description\":\"s\u00e9curit\u00e9 maritime\",\"potentialAction\":[{\"@type\":\"SearchAction\",\"target\":{\"@type\":\"EntryPoint\",\"urlTemplate\":\"https:\/\/www.4sa.fr\/?s={search_term_string}\"},\"query-input\":{\"@type\":\"PropertyValueSpecification\",\"valueRequired\":true,\"valueName\":\"search_term_string\"}}],\"inLanguage\":\"en-US\"}]}<\/script>\n<!-- \/ Yoast SEO plugin. -->","yoast_head_json":{"title":"[:fr]Engagements QSSE[:en]Our QHSE commitments[:es]Compromisos CSSM[:] - 4sa : consultant et expert en s\u00e9curit\u00e9 maritime","robots":{"index":"index","follow":"follow","max-snippet":"max-snippet:-1","max-image-preview":"max-image-preview:large","max-video-preview":"max-video-preview:-1"},"canonical":"https:\/\/www.4sa.fr\/en\/tso\/qualite\/","og_locale":"en_US","og_type":"article","og_title":"[:fr]Engagements QSSE[:en]Our QHSE commitments[:es]Compromisos CSSM[:] - 4sa : consultant et expert en s\u00e9curit\u00e9 maritime","og_description":"4SA, providing expert, insightful, and effective services Transferring hazardous liquid cargo to or from a ship: complex and sensitive operations. Covering the HSE (Hygiene, Safety, and Environmental) requirements for a tanker in port (loading, unloading, transshipping) is a duty which involves criminal liability. Only experienced personnel, capable of managing a set of factors (technical, equipment-related, &hellip; Continue reading Our QHSE commitments","og_url":"https:\/\/www.4sa.fr\/en\/tso\/qualite\/","og_site_name":"4sa : consultant et expert en s\u00e9curit\u00e9 maritime","article_modified_time":"2019-02-03T11:45:38+00:00","og_image":[{"url":"https:\/\/www.4sa.fr\/wp-content\/uploads\/Engagements-QSSE.jpg","type":"","width":"","height":""}],"twitter_card":"summary_large_image","schema":{"@context":"https:\/\/schema.org","@graph":[{"@type":"WebPage","@id":"https:\/\/www.4sa.fr\/en\/tso\/qualite\/","url":"https:\/\/www.4sa.fr\/en\/tso\/qualite\/","name":"[:fr]Engagements QSSE[:en]Our QHSE commitments[:es]Compromisos CSSM[:] - 4sa : consultant et expert en s\u00e9curit\u00e9 maritime","isPartOf":{"@id":"https:\/\/www.4sa.fr\/#website"},"primaryImageOfPage":{"@id":"https:\/\/www.4sa.fr\/en\/tso\/qualite\/#primaryimage"},"image":{"@id":"https:\/\/www.4sa.fr\/en\/tso\/qualite\/#primaryimage"},"thumbnailUrl":"https:\/\/www.4sa.fr\/wp-content\/uploads\/Engagements-QSSE.jpg","datePublished":"2013-06-13T08:44:44+00:00","dateModified":"2019-02-03T11:45:38+00:00","breadcrumb":{"@id":"https:\/\/www.4sa.fr\/en\/tso\/qualite\/#breadcrumb"},"inLanguage":"en-US","potentialAction":[{"@type":"ReadAction","target":["https:\/\/www.4sa.fr\/en\/tso\/qualite\/"]}]},{"@type":"ImageObject","inLanguage":"en-US","@id":"https:\/\/www.4sa.fr\/en\/tso\/qualite\/#primaryimage","url":"https:\/\/www.4sa.fr\/wp-content\/uploads\/Engagements-QSSE.jpg","contentUrl":"https:\/\/www.4sa.fr\/wp-content\/uploads\/Engagements-QSSE.jpg"},{"@type":"BreadcrumbList","@id":"https:\/\/www.4sa.fr\/en\/tso\/qualite\/#breadcrumb","itemListElement":[{"@type":"ListItem","position":1,"name":"Home","item":"https:\/\/www.4sa.fr\/"},{"@type":"ListItem","position":2,"name":"S\u00e9curit\u00e9 maritime","item":"https:\/\/www.4sa.fr\/en\/tso\/"},{"@type":"ListItem","position":3,"name":"Our QHSE commitments"}]},{"@type":"WebSite","@id":"https:\/\/www.4sa.fr\/#website","url":"https:\/\/www.4sa.fr\/","name":"4sa : consultant et expert en s\u00e9curit\u00e9 maritime","description":"s\u00e9curit\u00e9 maritime","potentialAction":[{"@type":"SearchAction","target":{"@type":"EntryPoint","urlTemplate":"https:\/\/www.4sa.fr\/?s={search_term_string}"},"query-input":{"@type":"PropertyValueSpecification","valueRequired":true,"valueName":"search_term_string"}}],"inLanguage":"en-US"}]}},"_links":{"self":[{"href":"https:\/\/www.4sa.fr\/en\/wp-json\/wp\/v2\/pages\/39","targetHints":{"allow":["GET"]}}],"collection":[{"href":"https:\/\/www.4sa.fr\/en\/wp-json\/wp\/v2\/pages"}],"about":[{"href":"https:\/\/www.4sa.fr\/en\/wp-json\/wp\/v2\/types\/page"}],"author":[{"embeddable":true,"href":"https:\/\/www.4sa.fr\/en\/wp-json\/wp\/v2\/users\/1"}],"replies":[{"embeddable":true,"href":"https:\/\/www.4sa.fr\/en\/wp-json\/wp\/v2\/comments?post=39"}],"version-history":[{"count":46,"href":"https:\/\/www.4sa.fr\/en\/wp-json\/wp\/v2\/pages\/39\/revisions"}],"predecessor-version":[{"id":1489,"href":"https:\/\/www.4sa.fr\/en\/wp-json\/wp\/v2\/pages\/39\/revisions\/1489"}],"up":[{"embeddable":true,"href":"https:\/\/www.4sa.fr\/en\/wp-json\/wp\/v2\/pages\/8"}],"wp:attachment":[{"href":"https:\/\/www.4sa.fr\/en\/wp-json\/wp\/v2\/media?parent=39"}],"curies":[{"name":"wp","href":"https:\/\/api.w.org\/{rel}","templated":true}]}}