{"id":15,"date":"2013-06-13T11:03:06","date_gmt":"2013-06-13T10:03:06","guid":{"rendered":"http:\/\/www.4sa.fr\/?page_id=15"},"modified":"2025-02-05T19:19:36","modified_gmt":"2025-02-05T18:19:36","slug":"recrutement","status":"publish","type":"page","link":"https:\/\/www.4sa.fr\/en\/securite-maritime\/recrutement\/","title":{"rendered":"Recruitment"},"content":{"rendered":"<p><\/p>\n<h5><img loading=\"lazy\" decoding=\"async\" class=\"size-full wp-image-825 alignleft\" src=\"https:\/\/www.4sa.fr\/wp-content\/uploads\/recrutement.jpg\" alt=\"recrutement\" width=\"280\" height=\"280\" srcset=\"https:\/\/www.4sa.fr\/wp-content\/uploads\/recrutement.jpg 280w, https:\/\/www.4sa.fr\/wp-content\/uploads\/recrutement-150x150.jpg 150w\" sizes=\"auto, (max-width: 280px) 100vw, 280px\" \/>Job opportunities<\/h5>\n<p style=\"text-align: justify;\">To support its maritime and shipping operations, 4SA, a partner to major companies and oil terminals, recruits navy officers.<\/p>\n<h5>Candidate profile<\/h5>\n<p style=\"text-align: justify;\">A graduate from a navy or merchant navy college, you will have proven experience of working with tankers (oil, gas, chemicals). A basic knowledge of international regulations and recommendations is required if you are to succeed in this strategic role, which requires you to work with all stakeholders in the port environment.<\/p>\n<blockquote><p>Independent, with a strong sense of initiative, you will be a natural leader. The role requires a candidate with strong personality and management skills, as well as high level of diplomacy. Fluent French and English (including technical and shipping terminology) are essential.<\/p><\/blockquote>\n<p style=\"text-align: justify;\">You will need to adhere to professional secrecy and the profession&#8217;s code of ethics. Good knowledge of IT tools (Windows and Office package) required. Category B driving license essential.<\/p>\n<h5>Job description<\/h5>\n<p style=\"text-align: justify;\">You will be in charge of safety checks for commercial ships at port on behalf of major oil companies and terminals (reference framework : ISGOTT, national and local regulations, MARPOL, SOLAS, oil tanker policies).<\/p>\n<p>You will therefore be responsible for :<\/p>\n<ul class=\"check\">\n<li>\n<address>Ensuring the safe operation of the ship\/shore interface,<\/address>\n<address>using the ship shore safety check list (SSSCL) as a guidance framework,<\/address>\n<\/li>\n<li><em>Advising and assisting the Loading Masters, terminal representatives, and ships,<\/em><\/li>\n<li><em>Creating a sustainable operation,<\/em><\/li>\n<li><em>Protecting customers&#8217; interests.<\/em><\/li>\n<\/ul>\n<p style=\"text-align: justify;\">Commercial operations relating to loading and\/or unloading ships carrying crude oil, petroleum products, gas, LPG, chemicals, bunkering ex wharf and shipchandling, and transshipments.<\/p>\n<p style=\"text-align: justify;\">You are an expert in maritime safety and as such, may be required to carry out additional assignments throughout France and abroad :<\/p>\n<address style=\"text-align: justify;\">\n<ul class=\"check\">\n<li>Auditing ports and terminals,<\/li>\n<li>Training,<\/li>\n<li>Superintendence,<\/li>\n<li>Assistance\/advice,<\/li>\n<\/ul>\n<\/address>\n<h5>Location and working hours<\/h5>\n<p style=\"text-align: justify;\">Operations take place at the ports of LAVERA et FOS\/MER, near the town of Martigues (in the Provence-Alpes-C\u00f4te d&#8217;Azur region, France). Rolling shift pattern (3 x 8 hours), based on an average working week of 35 hours. Overseas travel possible, within the EEC and internationally.<\/p>\n<h5>Contract type\/status of position<\/h5>\n<ul class=\"check\">\n<li><em>Permanent<\/em><\/li>\n<li><em>Management<\/em><\/li>\n<\/ul>\n<div class=\"line\"><span class=\"top\">[top]<\/span><\/div>\n<p><\/p>","protected":false},"excerpt":{"rendered":"<p>Job opportunities To support its maritime and shipping operations, 4SA, a partner to major companies and oil terminals, recruits navy officers. Candidate profile A graduate from a navy or merchant navy college, you will have proven experience of working with tankers (oil, gas, chemicals). A basic knowledge of international regulations and recommendations is required if &hellip; <a href=\"https:\/\/www.4sa.fr\/en\/securite-maritime\/recrutement\/\" class=\"more-link\">Continue reading <span class=\"screen-reader-text\">Recruitment<\/span><\/a><\/p>\n","protected":false},"author":1,"featured_media":0,"parent":2,"menu_order":0,"comment_status":"closed","ping_status":"closed","template":"","meta":{"_acf_changed":false,"footnotes":""},"class_list":["post-15","page","type-page","status-publish","hentry"],"acf":[],"yoast_head":"<!-- This site is optimized with the Yoast SEO plugin v26.9 - https:\/\/yoast.com\/product\/yoast-seo-wordpress\/ -->\n<title>Recruitment - 4sa : consultant et expert en s\u00e9curit\u00e9 maritime<\/title>\n<meta name=\"robots\" content=\"index, follow, max-snippet:-1, max-image-preview:large, max-video-preview:-1\" \/>\n<link rel=\"canonical\" href=\"https:\/\/www.4sa.fr\/securite-maritime\/recrutement\/\" \/>\n<meta property=\"og:locale\" content=\"en_US\" \/>\n<meta property=\"og:type\" content=\"article\" \/>\n<meta property=\"og:title\" content=\"[:fr]Recrutement[:en]Recruitment[:es]Bolsa de trabajo[:] - 4sa : consultant et expert en s\u00e9curit\u00e9 maritime\" \/>\n<meta property=\"og:description\" content=\"Job opportunities To support its maritime and shipping operations, 4SA, a partner to major companies and oil terminals, recruits navy officers. Candidate profile A graduate from a navy or merchant navy college, you will have proven experience of working with tankers (oil, gas, chemicals). A basic knowledge of international regulations and recommendations is required if &hellip; Continue reading Recruitment\" \/>\n<meta property=\"og:url\" content=\"https:\/\/www.4sa.fr\/securite-maritime\/recrutement\/\" \/>\n<meta property=\"og:site_name\" content=\"4sa : consultant et expert en s\u00e9curit\u00e9 maritime\" \/>\n<meta property=\"article:modified_time\" content=\"2025-02-05T18:19:36+00:00\" \/>\n<meta property=\"og:image\" content=\"https:\/\/www.4sa.fr\/wp-content\/uploads\/recrutement.jpg\" \/>\n\t<meta property=\"og:image:width\" content=\"280\" \/>\n\t<meta property=\"og:image:height\" content=\"280\" \/>\n\t<meta property=\"og:image:type\" content=\"image\/jpeg\" \/>\n<meta name=\"twitter:card\" content=\"summary_large_image\" \/>\n<script type=\"application\/ld+json\" class=\"yoast-schema-graph\">{\"@context\":\"https:\/\/schema.org\",\"@graph\":[{\"@type\":\"WebPage\",\"@id\":\"https:\/\/www.4sa.fr\/securite-maritime\/recrutement\/\",\"url\":\"https:\/\/www.4sa.fr\/securite-maritime\/recrutement\/\",\"name\":\"[:fr]Recrutement[:en]Recruitment[:es]Bolsa de trabajo[:] - 4sa : consultant et expert en s\u00e9curit\u00e9 maritime\",\"isPartOf\":{\"@id\":\"https:\/\/www.4sa.fr\/#website\"},\"primaryImageOfPage\":{\"@id\":\"https:\/\/www.4sa.fr\/securite-maritime\/recrutement\/#primaryimage\"},\"image\":{\"@id\":\"https:\/\/www.4sa.fr\/securite-maritime\/recrutement\/#primaryimage\"},\"thumbnailUrl\":\"https:\/\/www.4sa.fr\/wp-content\/uploads\/recrutement.jpg\",\"datePublished\":\"2013-06-13T10:03:06+00:00\",\"dateModified\":\"2025-02-05T18:19:36+00:00\",\"breadcrumb\":{\"@id\":\"https:\/\/www.4sa.fr\/securite-maritime\/recrutement\/#breadcrumb\"},\"inLanguage\":\"en-US\",\"potentialAction\":[{\"@type\":\"ReadAction\",\"target\":[\"https:\/\/www.4sa.fr\/securite-maritime\/recrutement\/\"]}]},{\"@type\":\"ImageObject\",\"inLanguage\":\"en-US\",\"@id\":\"https:\/\/www.4sa.fr\/securite-maritime\/recrutement\/#primaryimage\",\"url\":\"https:\/\/www.4sa.fr\/wp-content\/uploads\/recrutement.jpg\",\"contentUrl\":\"https:\/\/www.4sa.fr\/wp-content\/uploads\/recrutement.jpg\"},{\"@type\":\"BreadcrumbList\",\"@id\":\"https:\/\/www.4sa.fr\/securite-maritime\/recrutement\/#breadcrumb\",\"itemListElement\":[{\"@type\":\"ListItem\",\"position\":1,\"name\":\"Home\",\"item\":\"https:\/\/www.4sa.fr\/\"},{\"@type\":\"ListItem\",\"position\":2,\"name\":\"Accueil\",\"item\":\"https:\/\/www.4sa.fr\/\"},{\"@type\":\"ListItem\",\"position\":3,\"name\":\"Recrutement\"}]},{\"@type\":\"WebSite\",\"@id\":\"https:\/\/www.4sa.fr\/#website\",\"url\":\"https:\/\/www.4sa.fr\/\",\"name\":\"4sa : consultant et expert en s\u00e9curit\u00e9 maritime\",\"description\":\"s\u00e9curit\u00e9 maritime\",\"potentialAction\":[{\"@type\":\"SearchAction\",\"target\":{\"@type\":\"EntryPoint\",\"urlTemplate\":\"https:\/\/www.4sa.fr\/?s={search_term_string}\"},\"query-input\":{\"@type\":\"PropertyValueSpecification\",\"valueRequired\":true,\"valueName\":\"search_term_string\"}}],\"inLanguage\":\"en-US\"}]}<\/script>\n<!-- \/ Yoast SEO plugin. -->","yoast_head_json":{"title":"[:fr]Recrutement[:en]Recruitment[:es]Bolsa de trabajo[:] - 4sa : consultant et expert en s\u00e9curit\u00e9 maritime","robots":{"index":"index","follow":"follow","max-snippet":"max-snippet:-1","max-image-preview":"max-image-preview:large","max-video-preview":"max-video-preview:-1"},"canonical":"https:\/\/www.4sa.fr\/securite-maritime\/recrutement\/","og_locale":"en_US","og_type":"article","og_title":"[:fr]Recrutement[:en]Recruitment[:es]Bolsa de trabajo[:] - 4sa : consultant et expert en s\u00e9curit\u00e9 maritime","og_description":"Job opportunities To support its maritime and shipping operations, 4SA, a partner to major companies and oil terminals, recruits navy officers. Candidate profile A graduate from a navy or merchant navy college, you will have proven experience of working with tankers (oil, gas, chemicals). A basic knowledge of international regulations and recommendations is required if &hellip; Continue reading Recruitment","og_url":"https:\/\/www.4sa.fr\/securite-maritime\/recrutement\/","og_site_name":"4sa : consultant et expert en s\u00e9curit\u00e9 maritime","article_modified_time":"2025-02-05T18:19:36+00:00","og_image":[{"width":280,"height":280,"url":"https:\/\/www.4sa.fr\/wp-content\/uploads\/recrutement.jpg","type":"image\/jpeg"}],"twitter_card":"summary_large_image","schema":{"@context":"https:\/\/schema.org","@graph":[{"@type":"WebPage","@id":"https:\/\/www.4sa.fr\/securite-maritime\/recrutement\/","url":"https:\/\/www.4sa.fr\/securite-maritime\/recrutement\/","name":"[:fr]Recrutement[:en]Recruitment[:es]Bolsa de trabajo[:] - 4sa : consultant et expert en s\u00e9curit\u00e9 maritime","isPartOf":{"@id":"https:\/\/www.4sa.fr\/#website"},"primaryImageOfPage":{"@id":"https:\/\/www.4sa.fr\/securite-maritime\/recrutement\/#primaryimage"},"image":{"@id":"https:\/\/www.4sa.fr\/securite-maritime\/recrutement\/#primaryimage"},"thumbnailUrl":"https:\/\/www.4sa.fr\/wp-content\/uploads\/recrutement.jpg","datePublished":"2013-06-13T10:03:06+00:00","dateModified":"2025-02-05T18:19:36+00:00","breadcrumb":{"@id":"https:\/\/www.4sa.fr\/securite-maritime\/recrutement\/#breadcrumb"},"inLanguage":"en-US","potentialAction":[{"@type":"ReadAction","target":["https:\/\/www.4sa.fr\/securite-maritime\/recrutement\/"]}]},{"@type":"ImageObject","inLanguage":"en-US","@id":"https:\/\/www.4sa.fr\/securite-maritime\/recrutement\/#primaryimage","url":"https:\/\/www.4sa.fr\/wp-content\/uploads\/recrutement.jpg","contentUrl":"https:\/\/www.4sa.fr\/wp-content\/uploads\/recrutement.jpg"},{"@type":"BreadcrumbList","@id":"https:\/\/www.4sa.fr\/securite-maritime\/recrutement\/#breadcrumb","itemListElement":[{"@type":"ListItem","position":1,"name":"Home","item":"https:\/\/www.4sa.fr\/"},{"@type":"ListItem","position":2,"name":"Accueil","item":"https:\/\/www.4sa.fr\/"},{"@type":"ListItem","position":3,"name":"Recrutement"}]},{"@type":"WebSite","@id":"https:\/\/www.4sa.fr\/#website","url":"https:\/\/www.4sa.fr\/","name":"4sa : consultant et expert en s\u00e9curit\u00e9 maritime","description":"s\u00e9curit\u00e9 maritime","potentialAction":[{"@type":"SearchAction","target":{"@type":"EntryPoint","urlTemplate":"https:\/\/www.4sa.fr\/?s={search_term_string}"},"query-input":{"@type":"PropertyValueSpecification","valueRequired":true,"valueName":"search_term_string"}}],"inLanguage":"en-US"}]}},"_links":{"self":[{"href":"https:\/\/www.4sa.fr\/en\/wp-json\/wp\/v2\/pages\/15","targetHints":{"allow":["GET"]}}],"collection":[{"href":"https:\/\/www.4sa.fr\/en\/wp-json\/wp\/v2\/pages"}],"about":[{"href":"https:\/\/www.4sa.fr\/en\/wp-json\/wp\/v2\/types\/page"}],"author":[{"embeddable":true,"href":"https:\/\/www.4sa.fr\/en\/wp-json\/wp\/v2\/users\/1"}],"replies":[{"embeddable":true,"href":"https:\/\/www.4sa.fr\/en\/wp-json\/wp\/v2\/comments?post=15"}],"version-history":[{"count":70,"href":"https:\/\/www.4sa.fr\/en\/wp-json\/wp\/v2\/pages\/15\/revisions"}],"predecessor-version":[{"id":23926,"href":"https:\/\/www.4sa.fr\/en\/wp-json\/wp\/v2\/pages\/15\/revisions\/23926"}],"up":[{"embeddable":true,"href":"https:\/\/www.4sa.fr\/en\/wp-json\/wp\/v2\/pages\/2"}],"wp:attachment":[{"href":"https:\/\/www.4sa.fr\/en\/wp-json\/wp\/v2\/media?parent=15"}],"curies":[{"name":"wp","href":"https:\/\/api.w.org\/{rel}","templated":true}]}}