{"id":10,"date":"2013-06-12T10:57:44","date_gmt":"2013-06-12T09:57:44","guid":{"rendered":"http:\/\/www.4sa.fr\/?page_id=10"},"modified":"2019-02-03T12:44:36","modified_gmt":"2019-02-03T11:44:36","slug":"presentation","status":"publish","type":"page","link":"https:\/\/www.4sa.fr\/en\/securite-maritime\/presentation\/","title":{"rendered":"About us"},"content":{"rendered":"<p><\/p>\n<h5 style=\"text-align: justify;\"><img loading=\"lazy\" decoding=\"async\" class=\"alignnone size-full wp-image-783\" src=\"https:\/\/www.4sa.fr\/wp-content\/uploads\/presentation.jpg\" alt=\"Pr\u00e9sentation\" width=\"690\" height=\"265\" srcset=\"https:\/\/www.4sa.fr\/wp-content\/uploads\/presentation.jpg 690w, https:\/\/www.4sa.fr\/wp-content\/uploads\/presentation-300x115.jpg 300w\" sizes=\"auto, (max-width: 690px) 100vw, 690px\" \/><\/h5>\n<h5 style=\"text-align: justify;\">4SA, a pioneer in the sector since 2002<\/h5>\n<p style=\"text-align: justify;\">An independent and impartial organisation, 4SA was the first shipping expert in France to meet the highly demanding technical, regulatory and human requirements involved in shipping hazardous goods (oil, gas, chemicals) with a highly qualified and experienced staff, adhering to 4SA&#8217;s formal internal procedures.<\/p>\n<h5 style=\"text-align: justify;\">4SA, a track record that speaks for itself<\/h5>\n<p style=\"text-align: justify;\">In 10 years, the number of potentially serious accidents per month, in our areas of operation, fell from 23 to 2. 4SA has therefore avoided many serious incidents and saved its customers from facing heavy financial losses, as well as severe legal proceedings. (l<span style=\"text-decoration: underline;\">ien courbe<\/span>)<\/p>\n<h5 style=\"text-align: justify;\">4SA, high-tech maritime services<\/h5>\n<p style=\"text-align: justify;\">Operating 24 hours a day, 4SA&#8217;s maritime services are certified (see <a href=\"https:\/\/www.4sa.fr\/en\/maritime-safety\/our-qhse-commitments\/\" target=\"_blank\">quality management<\/a> and 4SA&#8217;s QSMS). Major companies, oil terminals and storage tankers, ship-owners and brokers can count on the quality of our operations.<\/p>\n<h5 style=\"text-align: justify;\">People with technical expertise and experience of the regulatory framework<\/h5>\n<p style=\"text-align: justify;\">Since 2002, 4SA has mainly recruited experienced officers from the merchant navy (bulk liquid cargo) <span style=\"color: #ff6600;\">[1]<\/span>, , with complete knowledge of international industry standards (SOLAS, ISGOTT\u2026), as well as national (RPM) and local regulations. We also look for experience in the workings of facilities and the coordination of technical measurements required at these facilities (flow, temperature, pressure, transfer rate, sequencing), as well as product incompatibilities.<\/p>\n<h5 style=\"text-align: justify;\">High-level communication and process skills<\/h5>\n<p style=\"text-align: justify;\">With a perfect command of technical shipping terms in English, 4SA&#8217;s officers have strong communication skills. With the skills to &#8220;handle&#8221; the different people and interests which they will come across on their assignments (tankers, companies, ports, terminals), they are able to make significant gains in safety, efficiency, and time.<\/p>\n<p style=\"text-align: justify;\">The wide range of assignments which 4SA offers to them (which may be up to 3 or 4 shipping operations per day) keeps them alert and continuously builds on their expertise. Whether they are working on cost optimisation or improving safety, they are constantly focussed and their reports are clear, precise, and accurate..<\/p>\n<div class=\"line\"><span class=\"line\"> <\/span><\/div>\n<p style=\"text-align: justify;\"><span style=\"color: #ff6600;\">[1]<\/span> This is exactly what you would expect from people with shipping experience who have be trained internally by their officers<\/p>\n<div class=\"line\"><span class=\"top\">[top]<\/span><\/div>\n<p><\/p>","protected":false},"excerpt":{"rendered":"<p>4SA, a pioneer in the sector since 2002 An independent and impartial organisation, 4SA was the first shipping expert in France to meet the highly demanding technical, regulatory and human requirements involved in shipping hazardous goods (oil, gas, chemicals) with a highly qualified and experienced staff, adhering to 4SA&#8217;s formal internal procedures. 4SA, a track &hellip; <a href=\"https:\/\/www.4sa.fr\/en\/securite-maritime\/presentation\/\" class=\"more-link\">Continue reading <span class=\"screen-reader-text\">About us<\/span><\/a><\/p>\n","protected":false},"author":1,"featured_media":0,"parent":2,"menu_order":0,"comment_status":"closed","ping_status":"closed","template":"","meta":{"_acf_changed":false,"footnotes":""},"class_list":["post-10","page","type-page","status-publish","hentry"],"acf":[],"yoast_head":"<!-- This site is optimized with the Yoast SEO plugin v26.9 - https:\/\/yoast.com\/product\/yoast-seo-wordpress\/ -->\n<title>About us - 4sa : consultant et expert en s\u00e9curit\u00e9 maritime<\/title>\n<meta name=\"robots\" content=\"index, follow, max-snippet:-1, max-image-preview:large, max-video-preview:-1\" \/>\n<link rel=\"canonical\" href=\"https:\/\/www.4sa.fr\/en\/securite-maritime\/presentation\/\" \/>\n<meta property=\"og:locale\" content=\"en_US\" \/>\n<meta property=\"og:type\" content=\"article\" \/>\n<meta property=\"og:title\" content=\"[:fr]Pr\u00e9sentation[:en]About us[:es]Presentaci\u00f3n[:] - 4sa : consultant et expert en s\u00e9curit\u00e9 maritime\" \/>\n<meta property=\"og:description\" content=\"4SA, a pioneer in the sector since 2002 An independent and impartial organisation, 4SA was the first shipping expert in France to meet the highly demanding technical, regulatory and human requirements involved in shipping hazardous goods (oil, gas, chemicals) with a highly qualified and experienced staff, adhering to 4SA&#8217;s formal internal procedures. 4SA, a track &hellip; Continue reading About us\" \/>\n<meta property=\"og:url\" content=\"https:\/\/www.4sa.fr\/en\/securite-maritime\/presentation\/\" \/>\n<meta property=\"og:site_name\" content=\"4sa : consultant et expert en s\u00e9curit\u00e9 maritime\" \/>\n<meta property=\"article:modified_time\" content=\"2019-02-03T11:44:36+00:00\" \/>\n<meta property=\"og:image\" content=\"https:\/\/www.4sa.fr\/wp-content\/uploads\/presentation.jpg\" \/>\n<meta name=\"twitter:card\" content=\"summary_large_image\" \/>\n<script type=\"application\/ld+json\" class=\"yoast-schema-graph\">{\"@context\":\"https:\/\/schema.org\",\"@graph\":[{\"@type\":\"WebPage\",\"@id\":\"https:\/\/www.4sa.fr\/en\/securite-maritime\/presentation\/\",\"url\":\"https:\/\/www.4sa.fr\/en\/securite-maritime\/presentation\/\",\"name\":\"[:fr]Pr\u00e9sentation[:en]About us[:es]Presentaci\u00f3n[:] - 4sa : consultant et expert en s\u00e9curit\u00e9 maritime\",\"isPartOf\":{\"@id\":\"https:\/\/www.4sa.fr\/#website\"},\"primaryImageOfPage\":{\"@id\":\"https:\/\/www.4sa.fr\/en\/securite-maritime\/presentation\/#primaryimage\"},\"image\":{\"@id\":\"https:\/\/www.4sa.fr\/en\/securite-maritime\/presentation\/#primaryimage\"},\"thumbnailUrl\":\"https:\/\/www.4sa.fr\/wp-content\/uploads\/presentation.jpg\",\"datePublished\":\"2013-06-12T09:57:44+00:00\",\"dateModified\":\"2019-02-03T11:44:36+00:00\",\"breadcrumb\":{\"@id\":\"https:\/\/www.4sa.fr\/en\/securite-maritime\/presentation\/#breadcrumb\"},\"inLanguage\":\"en-US\",\"potentialAction\":[{\"@type\":\"ReadAction\",\"target\":[\"https:\/\/www.4sa.fr\/en\/securite-maritime\/presentation\/\"]}]},{\"@type\":\"ImageObject\",\"inLanguage\":\"en-US\",\"@id\":\"https:\/\/www.4sa.fr\/en\/securite-maritime\/presentation\/#primaryimage\",\"url\":\"https:\/\/www.4sa.fr\/wp-content\/uploads\/presentation.jpg\",\"contentUrl\":\"https:\/\/www.4sa.fr\/wp-content\/uploads\/presentation.jpg\"},{\"@type\":\"BreadcrumbList\",\"@id\":\"https:\/\/www.4sa.fr\/en\/securite-maritime\/presentation\/#breadcrumb\",\"itemListElement\":[{\"@type\":\"ListItem\",\"position\":1,\"name\":\"Home\",\"item\":\"https:\/\/www.4sa.fr\/\"},{\"@type\":\"ListItem\",\"position\":2,\"name\":\"Accueil\",\"item\":\"https:\/\/www.4sa.fr\/\"},{\"@type\":\"ListItem\",\"position\":3,\"name\":\"About us\"}]},{\"@type\":\"WebSite\",\"@id\":\"https:\/\/www.4sa.fr\/#website\",\"url\":\"https:\/\/www.4sa.fr\/\",\"name\":\"4sa : consultant et expert en s\u00e9curit\u00e9 maritime\",\"description\":\"s\u00e9curit\u00e9 maritime\",\"potentialAction\":[{\"@type\":\"SearchAction\",\"target\":{\"@type\":\"EntryPoint\",\"urlTemplate\":\"https:\/\/www.4sa.fr\/?s={search_term_string}\"},\"query-input\":{\"@type\":\"PropertyValueSpecification\",\"valueRequired\":true,\"valueName\":\"search_term_string\"}}],\"inLanguage\":\"en-US\"}]}<\/script>\n<!-- \/ Yoast SEO plugin. -->","yoast_head_json":{"title":"[:fr]Pr\u00e9sentation[:en]About us[:es]Presentaci\u00f3n[:] - 4sa : consultant et expert en s\u00e9curit\u00e9 maritime","robots":{"index":"index","follow":"follow","max-snippet":"max-snippet:-1","max-image-preview":"max-image-preview:large","max-video-preview":"max-video-preview:-1"},"canonical":"https:\/\/www.4sa.fr\/en\/securite-maritime\/presentation\/","og_locale":"en_US","og_type":"article","og_title":"[:fr]Pr\u00e9sentation[:en]About us[:es]Presentaci\u00f3n[:] - 4sa : consultant et expert en s\u00e9curit\u00e9 maritime","og_description":"4SA, a pioneer in the sector since 2002 An independent and impartial organisation, 4SA was the first shipping expert in France to meet the highly demanding technical, regulatory and human requirements involved in shipping hazardous goods (oil, gas, chemicals) with a highly qualified and experienced staff, adhering to 4SA&#8217;s formal internal procedures. 4SA, a track &hellip; Continue reading About us","og_url":"https:\/\/www.4sa.fr\/en\/securite-maritime\/presentation\/","og_site_name":"4sa : consultant et expert en s\u00e9curit\u00e9 maritime","article_modified_time":"2019-02-03T11:44:36+00:00","og_image":[{"url":"https:\/\/www.4sa.fr\/wp-content\/uploads\/presentation.jpg","type":"","width":"","height":""}],"twitter_card":"summary_large_image","schema":{"@context":"https:\/\/schema.org","@graph":[{"@type":"WebPage","@id":"https:\/\/www.4sa.fr\/en\/securite-maritime\/presentation\/","url":"https:\/\/www.4sa.fr\/en\/securite-maritime\/presentation\/","name":"[:fr]Pr\u00e9sentation[:en]About us[:es]Presentaci\u00f3n[:] - 4sa : consultant et expert en s\u00e9curit\u00e9 maritime","isPartOf":{"@id":"https:\/\/www.4sa.fr\/#website"},"primaryImageOfPage":{"@id":"https:\/\/www.4sa.fr\/en\/securite-maritime\/presentation\/#primaryimage"},"image":{"@id":"https:\/\/www.4sa.fr\/en\/securite-maritime\/presentation\/#primaryimage"},"thumbnailUrl":"https:\/\/www.4sa.fr\/wp-content\/uploads\/presentation.jpg","datePublished":"2013-06-12T09:57:44+00:00","dateModified":"2019-02-03T11:44:36+00:00","breadcrumb":{"@id":"https:\/\/www.4sa.fr\/en\/securite-maritime\/presentation\/#breadcrumb"},"inLanguage":"en-US","potentialAction":[{"@type":"ReadAction","target":["https:\/\/www.4sa.fr\/en\/securite-maritime\/presentation\/"]}]},{"@type":"ImageObject","inLanguage":"en-US","@id":"https:\/\/www.4sa.fr\/en\/securite-maritime\/presentation\/#primaryimage","url":"https:\/\/www.4sa.fr\/wp-content\/uploads\/presentation.jpg","contentUrl":"https:\/\/www.4sa.fr\/wp-content\/uploads\/presentation.jpg"},{"@type":"BreadcrumbList","@id":"https:\/\/www.4sa.fr\/en\/securite-maritime\/presentation\/#breadcrumb","itemListElement":[{"@type":"ListItem","position":1,"name":"Home","item":"https:\/\/www.4sa.fr\/"},{"@type":"ListItem","position":2,"name":"Accueil","item":"https:\/\/www.4sa.fr\/"},{"@type":"ListItem","position":3,"name":"About us"}]},{"@type":"WebSite","@id":"https:\/\/www.4sa.fr\/#website","url":"https:\/\/www.4sa.fr\/","name":"4sa : consultant et expert en s\u00e9curit\u00e9 maritime","description":"s\u00e9curit\u00e9 maritime","potentialAction":[{"@type":"SearchAction","target":{"@type":"EntryPoint","urlTemplate":"https:\/\/www.4sa.fr\/?s={search_term_string}"},"query-input":{"@type":"PropertyValueSpecification","valueRequired":true,"valueName":"search_term_string"}}],"inLanguage":"en-US"}]}},"_links":{"self":[{"href":"https:\/\/www.4sa.fr\/en\/wp-json\/wp\/v2\/pages\/10","targetHints":{"allow":["GET"]}}],"collection":[{"href":"https:\/\/www.4sa.fr\/en\/wp-json\/wp\/v2\/pages"}],"about":[{"href":"https:\/\/www.4sa.fr\/en\/wp-json\/wp\/v2\/types\/page"}],"author":[{"embeddable":true,"href":"https:\/\/www.4sa.fr\/en\/wp-json\/wp\/v2\/users\/1"}],"replies":[{"embeddable":true,"href":"https:\/\/www.4sa.fr\/en\/wp-json\/wp\/v2\/comments?post=10"}],"version-history":[{"count":28,"href":"https:\/\/www.4sa.fr\/en\/wp-json\/wp\/v2\/pages\/10\/revisions"}],"predecessor-version":[{"id":1488,"href":"https:\/\/www.4sa.fr\/en\/wp-json\/wp\/v2\/pages\/10\/revisions\/1488"}],"up":[{"embeddable":true,"href":"https:\/\/www.4sa.fr\/en\/wp-json\/wp\/v2\/pages\/2"}],"wp:attachment":[{"href":"https:\/\/www.4sa.fr\/en\/wp-json\/wp\/v2\/media?parent=10"}],"curies":[{"name":"wp","href":"https:\/\/api.w.org\/{rel}","templated":true}]}}